{"id":888,"date":"2019-05-18T14:58:36","date_gmt":"2019-05-18T12:58:36","guid":{"rendered":"https:\/\/connaxis.hosting\/?page_id=888"},"modified":"2019-05-18T15:00:35","modified_gmt":"2019-05-18T13:00:35","slug":"rdc","status":"publish","type":"page","link":"https:\/\/connaxis.hosting\/es\/rdc\/","title":{"rendered":"RDC"},"content":{"rendered":"\t<section class=\"section\" id=\"section_27917568\">\n\t\t<div class=\"bg section-bg fill bg-fill bg-loaded \" >\n\n\t\t\t\n\t\t\t\n\t\t\t\n\n\t\t<\/div>\n\n\t\t<div class=\"section-content relative\">\n\t\t\t\n\t<div id=\"gap-1132862368\" class=\"gap-element clearfix\" style=\"display:block; height:auto;\">\n\t\t\n<style>\n#gap-1132862368 {\n  padding-top: 80px;\n}\n<\/style>\n\t<\/div>\n\t\n<div class=\"row\"  id=\"row-1515409570\">\n\n\t<div id=\"col-803980599\" class=\"col medium-6 small-12 large-6\"  >\n\t\t<div class=\"col-inner\"  >\n\t\t\t\n\t\t\t\n<h1 class=\"subtitle\">RDC<\/h1>\n<h2 class=\"page-title\">Que es un Red de Distribuci\u00f3n de Contenidos (RDC)?<\/h2>\n<p>Un CDN tiene una copia de su sitio web en todo el mundo<\/p>\n<a rel=\"noopener noreferrer\" href=\"#cta-popup\" target=\"_blank\" class=\"button primary\"  >\n    <span>Contacto<\/span>\n  <\/a>\n\n\t\t<\/div>\n\t\t\t<\/div>\n\n\t\n<\/div>\n\t\t<\/div>\n\n\t\t\n<style>\n#section_27917568 {\n  padding-top: 60px;\n  padding-bottom: 60px;\n  background-color: rgb(241, 242, 247);\n}\n#section_27917568 .section-bg.bg-loaded {\n  background-image: url(https:\/\/connaxis.hosting\/wp-content\/uploads\/2019\/03\/connaxis-hosting-fluid-shape-6.png);\n}\n#section_27917568 .section-bg {\n  background-position: 60% 52%;\n}\n<\/style>\n\t<\/section>\n\t\n\t<section class=\"section\" id=\"section_234523282\">\n\t\t<div class=\"bg section-bg fill bg-fill bg-loaded bg-loaded\" >\n\n\t\t\t\n\t\t\t\n\t\t\t\n\n\t\t<\/div>\n\n\t\t<div class=\"section-content relative\">\n\t\t\t\n<div class=\"row align-center\"  id=\"row-1249804299\">\n\n\t<div id=\"col-254991255\" class=\"col medium-7 small-12 large-7\"  >\n\t\t<div class=\"col-inner text-center\"  >\n\t\t\t\n\t\t\t\n<h2>Sitio web m\u00e1s r\u00e1pido con CDN<\/h2>\n<p>na RDC es un servicio web para la distribuci\u00f3n de contenidos. El objetivo es otorgar a los visitantes de su sitio web una experiencia r\u00e1pida y de uso f\u00e1cil al almacenar en cach\u00e9 partes de la p\u00e1gina web lo m\u00e1s cerca posible de su ubicaci\u00f3n. Es una manera f\u00e1cil de distribuir contenido a los usuarios finales con una baja latencia y alta velocidad de transferencia de datos. Se puede colocar todo tipo de contenido (im\u00e1genes, videos o secuencias de comandos java) en el servidor de fuente original y se copiar\u00e1n autom\u00e1ticamente en la ubicaci\u00f3n m\u00e1s cercana, al ser solicitados por los visitantes.<\/p>\n\t\t<\/div>\n\t\t\t<\/div>\n\n\t\n<\/div>\n<div class=\"row align-center\"  id=\"row-1451977892\">\n\n\t<div id=\"col-854328462\" class=\"col medium-10 small-12 large-10\"  >\n\t\t<div class=\"col-inner\"  >\n\t\t\t\n\t\t\t\n\n  <div class=\"banner has-hover\" id=\"banner-815974283\">\n          <div class=\"banner-inner fill\">\n        <div class=\"banner-bg fill\" >\n            <div class=\"bg fill bg-fill bg-loaded\"><\/div>\n                                    \n                    <\/div>\n        <div class=\"banner-layers container\">\n            <div class=\"fill banner-link\"><\/div>            \n   <div id=\"text-box-216207972\" class=\"text-box banner-layer x50 md-x50 lg-x50 y50 md-y50 lg-y50 res-text\">\n                                <div class=\"text dark\">\n              \n              <div class=\"text-inner text-center\">\n                  \n              <\/div>\n           <\/div>\n                            \n<style>\n#text-box-216207972 {\n  width: 60%;\n}\n#text-box-216207972 .text {\n  font-size: 100%;\n}\n@media (min-width:550px) {\n  #text-box-216207972 {\n    width: 60%;\n  }\n}\n<\/style>\n    <\/div>\n \n        <\/div>\n      <\/div>\n\n            \n<style>\n#banner-815974283 {\n  padding-top: 56.25%;\n  background-color: rgb(255,255,255);\n}\n#banner-815974283 .bg.bg-loaded {\n  background-image: url(https:\/\/connaxis.hosting\/wp-content\/uploads\/2019\/04\/hack-prevention-hero-connaxis-hosting.jpg);\n}\n#banner-815974283 .bg {\n  background-position: 50% 52%;\n}\n<\/style>\n  <\/div>\n\n\n\t<div id=\"gap-273375498\" class=\"gap-element clearfix\" style=\"display:block; height:auto;\">\n\t\t\n<style>\n#gap-273375498 {\n  padding-top: 30px;\n}\n<\/style>\n\t<\/div>\n\t\n<p>La fuente de su sitio web siempre estar\u00e1 donde la aloj\u00f3, digamos en los EE.UU. Sin un RDC, un visitante de China se sirve de su servidor en EE.UU.. Imag\u00ednese que ser\u00eda mucho m\u00e1s r\u00e1pido si los archivos vienen de un servidor local en China, que posee una copia de las im\u00e1genes de su sitio web.<\/p>\n<p>\u00bfC\u00f3mo funciona?<br \/>\nUsted tiene que determinar qu\u00e9 regiones desea servir. Tenemos diferentes regiones a distintos precios. Ver los precios a continuaci\u00f3n.<\/p>\n<p>Luego, en el c\u00f3digo de su sitio web usted tiene que referirse a la direcci\u00f3n RDC para aquellas partes que desea copiar. Cada vez que alguien visite su sitio web desde una regi\u00f3n remota, el RDC decidir\u00e1 desde donde sirven los archivos a aquel visitante en particular.<\/p>\n\t\t<\/div>\n\t\t\n<style>\n#col-854328462 > .col-inner {\n  margin: 0px 0px -60px 0px;\n}\n<\/style>\n\t<\/div>\n\n\t\n<\/div>\n\t\t<\/div>\n\n\t\t\n<style>\n#section_234523282 {\n  padding-top: 80px;\n  padding-bottom: 80px;\n}\n<\/style>\n\t<\/section>\n\t\n\t<section class=\"section\" id=\"section_608470060\">\n\t\t<div class=\"bg section-bg fill bg-fill bg-loaded bg-loaded\" >\n\n\t\t\t\n\t\t\t\n\t\t\t\n\n\t\t<\/div>\n\n\t\t<div class=\"section-content relative\">\n\t\t\t\n<div class=\"row\"  id=\"row-96821756\">\n\n\t<div id=\"col-613090527\" class=\"col small-12 large-12\"  >\n\t\t<div class=\"col-inner text-center\"  >\n\t\t\t\n\t\t\t\n<h3>Ventajas<\/h3>\n\t\t<\/div>\n\t\t\t<\/div>\n\n\t\n<\/div>\n<div class=\"row text-callout-frame-border\"  id=\"row-280671225\">\n\n\t<div id=\"col-1592184252\" class=\"col small-12 large-12\"  >\n\t\t<div class=\"col-inner\"  >\n\t\t\t\n\t\t\t\n<div class=\"row align-center\"  id=\"row-1724673821\">\n\n\t<div id=\"col-641649979\" class=\"col medium-10 small-10 large-10\"  >\n\t\t<div class=\"col-inner text-center\"  >\n\t\t\t\n\t\t\t\n\t<div id=\"gap-333000872\" class=\"gap-element clearfix\" style=\"display:block; height:auto;\">\n\t\t\n<style>\n#gap-333000872 {\n  padding-top: 5px;\n}\n<\/style>\n\t<\/div>\n\t\n<div class=\"row\"  id=\"row-281756456\">\n\n\t<div id=\"col-1741432253\" class=\"col medium-6 small-12 large-6\"  >\n\t\t<div class=\"col-inner text-left\"  >\n\t\t\t\n\t\t\t\n<ul>\n<li>El contenido est\u00e1 m\u00e1s cerca de los visitantes.<\/li>\n<li>Por lo tanto, los tiempos de carga son m\u00e1s r\u00e1pidos.<\/li>\n<\/ul>\n\t\t<\/div>\n\t\t\t<\/div>\n\n\t\n\n\t<div id=\"col-1807536367\" class=\"col medium-6 small-12 large-6\"  >\n\t\t<div class=\"col-inner text-left\"  >\n\t\t\t\n\t\t\t\n<ul>\n<li>Especialmente para sitios visitados por personas de todo el mundo,<\/li>\n<li>Soporte 24&#215;7<\/li>\n<\/ul>\n\t\t<\/div>\n\t\t\t<\/div>\n\n\t\n<\/div>\n\t\t<\/div>\n\t\t\n<style>\n#col-641649979 > .col-inner {\n  padding: 40px 0px 10px 0px;\n  margin: 0px 0px -20px 0px;\n}\n<\/style>\n\t<\/div>\n\n\t\n<\/div>\n\t\t<\/div>\n\t\t\n<style>\n#col-1592184252 > .col-inner {\n  margin: 0px 0px -50px 0px;\n}\n<\/style>\n\t<\/div>\n\n\t\n<\/div>\n\t\t<\/div>\n\n\t\t\n<style>\n#section_608470060 {\n  padding-top: 0px;\n  padding-bottom: 0px;\n}\n<\/style>\n\t<\/section>\n\t\n\t<section class=\"section section-pricing\" id=\"section_833427020\">\n\t\t<div class=\"bg section-bg fill bg-fill bg-loaded bg-loaded\" >\n\n\t\t\t\n\t\t\t\n\t\t\t\n\n\t\t<\/div>\n\n\t\t<div class=\"section-content relative\">\n\t\t\t\n<div class=\"row row-large\"  id=\"row-129589525\">\n<\/div>\n\t\t<\/div>\n\n\t\t\n<style>\n#section_833427020 {\n  padding-top: 80px;\n  padding-bottom: 80px;\n}\n<\/style>\n\t<\/section>\n\t\n\t<section class=\"section\" id=\"section_632007554\">\n\t\t<div class=\"bg section-bg fill bg-fill bg-loaded bg-loaded\" >\n\n\t\t\t\n\t\t\t\n\t\t\t\n\n\t\t<\/div>\n\n\t\t<div class=\"section-content relative\">\n\t\t\t\n<div class=\"row\"  id=\"row-87807586\">\n\n\t<div id=\"col-1814968490\" class=\"col small-12 large-12\"  >\n\t\t<div class=\"col-inner text-center\"  >\n\t\t\t\n\t\t\t\n  <div class=\"icon-box testimonial-box icon-box-center text-center\">\n                <div class=\"icon-box-img testimonial-image circle\" style=\"width: 120px\">\n              <img loading=\"lazy\" decoding=\"async\" width=\"500\" height=\"500\" src=\"https:\/\/connaxis.hosting\/wp-content\/uploads\/2019\/04\/hack-prevention-cta-connaxis-hosting.jpg\" class=\"attachment-thumbnail size-thumbnail\" alt=\"\" \/>        <\/div>\n                <div class=\"icon-box-text p-last-0\">\n            \t\t\t\t<div class=\"testimonial-text line-height-small italic test_text first-reset last-reset is-italic\">\n            \n\t<div id=\"gap-271964193\" class=\"gap-element clearfix\" style=\"display:block; height:auto;\">\n\t\t\n<style>\n#gap-271964193 {\n  padding-top: 0px;\n}\n<\/style>\n\t<\/div>\n\t\n          <\/div>\n          <div class=\"testimonial-meta pt-half\">\n             <strong class=\"testimonial-name test_name\"><\/strong>\n                          <span class=\"testimonial-company test_company\"><\/span>\n          <\/div>\n        <\/div>\n  <\/div>\n\n  \n<h5>Mant\u00e9n tu sitio r\u00e1pido<\/h5>\n<h2>F\u00e1cilmente accesible en todo el mundo<\/h2>\n<a href=\"#cta-popup\" target=\"_self\" class=\"button primary\"  >\n    <span>Contacto<\/span>\n  <i class=\"icon-angle-right\" ><\/i><\/a>\n\n\t\t<\/div>\n\t\t\n<style>\n#col-1814968490 > .col-inner {\n  margin: -80px 0px 0px 0px;\n}\n<\/style>\n\t<\/div>\n\n\t\n<\/div>\n\t<div id=\"gap-134614969\" class=\"gap-element clearfix\" style=\"display:block; height:auto;\">\n\t\t\n<style>\n#gap-134614969 {\n  padding-top: 30px;\n}\n<\/style>\n\t<\/div>\n\t\n\t\t<\/div>\n\n\t\t\n<style>\n#section_632007554 {\n  padding-top: 30px;\n  padding-bottom: 30px;\n  background-color: rgb(241, 242, 247);\n}\n<\/style>\n\t<\/section>\n\t\n<h4><\/h4>\n","protected":false},"excerpt":{"rendered":"","protected":false},"author":1,"featured_media":0,"parent":0,"menu_order":0,"comment_status":"closed","ping_status":"closed","template":"page-blank.php","meta":{"footnotes":""},"class_list":["post-888","page","type-page","status-publish","hentry"],"yoast_head":"<!-- This site is optimized with the Yoast SEO plugin v27.4 - https:\/\/yoast.com\/product\/yoast-seo-wordpress\/ -->\n<title>RDC - Connaxis Hosting<\/title>\n<meta name=\"robots\" content=\"index, follow, max-snippet:-1, max-image-preview:large, max-video-preview:-1\" \/>\n<link rel=\"canonical\" href=\"https:\/\/connaxis.hosting\/es\/rdc\/\" \/>\n<meta property=\"og:locale\" content=\"es_ES\" \/>\n<meta property=\"og:type\" content=\"article\" \/>\n<meta property=\"og:title\" content=\"RDC - Connaxis Hosting\" \/>\n<meta property=\"og:url\" content=\"https:\/\/connaxis.hosting\/es\/rdc\/\" \/>\n<meta property=\"og:site_name\" content=\"Connaxis Hosting\" \/>\n<meta property=\"article:modified_time\" content=\"2019-05-18T13:00:35+00:00\" \/>\n<meta name=\"twitter:card\" content=\"summary_large_image\" \/>\n<meta name=\"twitter:label1\" content=\"Tiempo de lectura\" \/>\n\t<meta name=\"twitter:data1\" content=\"3 minutos\" \/>\n<script type=\"application\/ld+json\" class=\"yoast-schema-graph\">{\"@context\":\"https:\\\/\\\/schema.org\",\"@graph\":[{\"@type\":\"WebPage\",\"@id\":\"https:\\\/\\\/connaxis.hosting\\\/es\\\/rdc\\\/\",\"url\":\"https:\\\/\\\/connaxis.hosting\\\/es\\\/rdc\\\/\",\"name\":\"RDC - Connaxis Hosting\",\"isPartOf\":{\"@id\":\"https:\\\/\\\/connaxis.hosting\\\/#website\"},\"datePublished\":\"2019-05-18T12:58:36+00:00\",\"dateModified\":\"2019-05-18T13:00:35+00:00\",\"breadcrumb\":{\"@id\":\"https:\\\/\\\/connaxis.hosting\\\/es\\\/rdc\\\/#breadcrumb\"},\"inLanguage\":\"es\",\"potentialAction\":[{\"@type\":\"ReadAction\",\"target\":[\"https:\\\/\\\/connaxis.hosting\\\/es\\\/rdc\\\/\"]}]},{\"@type\":\"BreadcrumbList\",\"@id\":\"https:\\\/\\\/connaxis.hosting\\\/es\\\/rdc\\\/#breadcrumb\",\"itemListElement\":[{\"@type\":\"ListItem\",\"position\":1,\"name\":\"Home\",\"item\":\"https:\\\/\\\/connaxis.hosting\\\/es\\\/\"},{\"@type\":\"ListItem\",\"position\":2,\"name\":\"RDC\"}]},{\"@type\":\"WebSite\",\"@id\":\"https:\\\/\\\/connaxis.hosting\\\/#website\",\"url\":\"https:\\\/\\\/connaxis.hosting\\\/\",\"name\":\"Connaxis Hosting\",\"description\":\"Your fast and reliable hosting partner\",\"potentialAction\":[{\"@type\":\"SearchAction\",\"target\":{\"@type\":\"EntryPoint\",\"urlTemplate\":\"https:\\\/\\\/connaxis.hosting\\\/?s={search_term_string}\"},\"query-input\":{\"@type\":\"PropertyValueSpecification\",\"valueRequired\":true,\"valueName\":\"search_term_string\"}}],\"inLanguage\":\"es\"}]}<\/script>\n<!-- \/ Yoast SEO plugin. -->","yoast_head_json":{"title":"RDC - Connaxis Hosting","robots":{"index":"index","follow":"follow","max-snippet":"max-snippet:-1","max-image-preview":"max-image-preview:large","max-video-preview":"max-video-preview:-1"},"canonical":"https:\/\/connaxis.hosting\/es\/rdc\/","og_locale":"es_ES","og_type":"article","og_title":"RDC - Connaxis Hosting","og_url":"https:\/\/connaxis.hosting\/es\/rdc\/","og_site_name":"Connaxis Hosting","article_modified_time":"2019-05-18T13:00:35+00:00","twitter_card":"summary_large_image","twitter_misc":{"Tiempo de lectura":"3 minutos"},"schema":{"@context":"https:\/\/schema.org","@graph":[{"@type":"WebPage","@id":"https:\/\/connaxis.hosting\/es\/rdc\/","url":"https:\/\/connaxis.hosting\/es\/rdc\/","name":"RDC - Connaxis Hosting","isPartOf":{"@id":"https:\/\/connaxis.hosting\/#website"},"datePublished":"2019-05-18T12:58:36+00:00","dateModified":"2019-05-18T13:00:35+00:00","breadcrumb":{"@id":"https:\/\/connaxis.hosting\/es\/rdc\/#breadcrumb"},"inLanguage":"es","potentialAction":[{"@type":"ReadAction","target":["https:\/\/connaxis.hosting\/es\/rdc\/"]}]},{"@type":"BreadcrumbList","@id":"https:\/\/connaxis.hosting\/es\/rdc\/#breadcrumb","itemListElement":[{"@type":"ListItem","position":1,"name":"Home","item":"https:\/\/connaxis.hosting\/es\/"},{"@type":"ListItem","position":2,"name":"RDC"}]},{"@type":"WebSite","@id":"https:\/\/connaxis.hosting\/#website","url":"https:\/\/connaxis.hosting\/","name":"Connaxis Hosting","description":"Your fast and reliable hosting partner","potentialAction":[{"@type":"SearchAction","target":{"@type":"EntryPoint","urlTemplate":"https:\/\/connaxis.hosting\/?s={search_term_string}"},"query-input":{"@type":"PropertyValueSpecification","valueRequired":true,"valueName":"search_term_string"}}],"inLanguage":"es"}]}},"_links":{"self":[{"href":"https:\/\/connaxis.hosting\/es\/wp-json\/wp\/v2\/pages\/888","targetHints":{"allow":["GET"]}}],"collection":[{"href":"https:\/\/connaxis.hosting\/es\/wp-json\/wp\/v2\/pages"}],"about":[{"href":"https:\/\/connaxis.hosting\/es\/wp-json\/wp\/v2\/types\/page"}],"author":[{"embeddable":true,"href":"https:\/\/connaxis.hosting\/es\/wp-json\/wp\/v2\/users\/1"}],"replies":[{"embeddable":true,"href":"https:\/\/connaxis.hosting\/es\/wp-json\/wp\/v2\/comments?post=888"}],"version-history":[{"count":3,"href":"https:\/\/connaxis.hosting\/es\/wp-json\/wp\/v2\/pages\/888\/revisions"}],"predecessor-version":[{"id":891,"href":"https:\/\/connaxis.hosting\/es\/wp-json\/wp\/v2\/pages\/888\/revisions\/891"}],"wp:attachment":[{"href":"https:\/\/connaxis.hosting\/es\/wp-json\/wp\/v2\/media?parent=888"}],"curies":[{"name":"wp","href":"https:\/\/api.w.org\/{rel}","templated":true}]}}