{"id":905,"date":"2019-05-18T16:33:50","date_gmt":"2019-05-18T14:33:50","guid":{"rendered":"https:\/\/connaxis.hosting\/?page_id=905"},"modified":"2025-12-04T17:31:50","modified_gmt":"2025-12-04T16:31:50","slug":"correo","status":"publish","type":"page","link":"https:\/\/connaxis.hosting\/es\/correo\/","title":{"rendered":"Correo"},"content":{"rendered":"\t<section class=\"section\" id=\"section_907509225\">\n\t\t<div class=\"bg section-bg fill bg-fill bg-loaded \" >\n\n\t\t\t\n\t\t\t\n\t\t\t\n\n\t\t<\/div>\n\n\t\t<div class=\"section-content relative\">\n\t\t\t\n\t<div id=\"gap-100127139\" class=\"gap-element clearfix\" style=\"display:block; height:auto;\">\n\t\t\n<style>\n#gap-100127139 {\n  padding-top: 80px;\n}\n<\/style>\n\t<\/div>\n\t\n<div class=\"row\"  id=\"row-971181242\">\n\n\t<div id=\"col-1493028822\" class=\"col medium-6 small-12 large-6\"  >\n\t\t<div class=\"col-inner\"  >\n\t\t\t\n\t\t\t\n<h1 class=\"subtitle\">Correo<\/h1>\n<h2 class=\"page-title\">Ponga su Correo en la Nube con Gsuite o Office 365<\/h2>\n<p>Use su correo en la nube, donde sea que est\u00e9 y en cualquier dispositivo que desee<\/p>\n<a href=\"#cta-popup\" target=\"_self\" class=\"button primary\"  >\n    <span>Activa tu correo hoy<\/span>\n  <\/a>\n\n\t\t<\/div>\n\t\t\t<\/div>\n\n\t\n<\/div>\n\t\t<\/div>\n\n\t\t\n<style>\n#section_907509225 {\n  padding-top: 60px;\n  padding-bottom: 60px;\n  background-color: rgb(241, 242, 247);\n}\n#section_907509225 .section-bg.bg-loaded {\n  background-image: url(https:\/\/connaxis.hosting\/wp-content\/uploads\/2019\/03\/connaxis-hosting-fluid-shape-3.png);\n}\n#section_907509225 .section-bg {\n  background-position: 43% 16%;\n}\n<\/style>\n\t<\/section>\n\t\n\t<section class=\"section\" id=\"section_1504105866\">\n\t\t<div class=\"bg section-bg fill bg-fill bg-loaded bg-loaded\" >\n\n\t\t\t\n\t\t\t\n\t\t\t\n\n\t\t<\/div>\n\n\t\t<div class=\"section-content relative\">\n\t\t\t\n<div class=\"row align-center\"  id=\"row-1598340559\">\n\n\t<div id=\"col-163993964\" class=\"col medium-7 small-12 large-7\"  >\n\t\t<div class=\"col-inner text-center\"  >\n\t\t\t\n\t\t\t\n<h2>Soluciones de correo electr\u00f3nico en la nube<\/h2>\n<p>Poner su correo en la nube, permite usar su correo electr\u00f3nico, calendario, contactos y documentos desde varias ubicaciones. Puede compartir documentos y calendarios con tus colegas y colaborar con mucha facilidad. Tambien se puede utilizar todos los documentos, contactos y calendarios con diferentes m\u00e1quinas, como el tel\u00e9fono m\u00f3vil, ipad o port\u00e1til.<\/p>\n\t<div id=\"gap-1287212281\" class=\"gap-element clearfix\" style=\"display:block; height:auto;\">\n\t\t\n<style>\n#gap-1287212281 {\n  padding-top: 30px;\n}\n<\/style>\n\t<\/div>\n\t\n\t\t<\/div>\n\t\t\t<\/div>\n\n\t\n<\/div>\n<div class=\"row align-center\"  id=\"row-1144750524\">\n\n\t<div id=\"col-1373566192\" class=\"col medium-10 small-12 large-10\"  >\n\t\t<div class=\"col-inner\"  >\n\t\t\t\n\t\t\t\n\n  <div class=\"banner has-hover\" id=\"banner-1367879883\">\n          <div class=\"banner-inner fill\">\n        <div class=\"banner-bg fill\" >\n            <div class=\"bg fill bg-fill bg-loaded\"><\/div>\n                                    \n                    <\/div>\n        <div class=\"banner-layers container\">\n            <div class=\"fill banner-link\"><\/div>            \n   <div id=\"text-box-1796785574\" class=\"text-box banner-layer x50 md-x50 lg-x50 y50 md-y50 lg-y50 res-text\">\n                                <div class=\"text dark\">\n              \n              <div class=\"text-inner text-center\">\n                  \n              <\/div>\n           <\/div>\n                            \n<style>\n#text-box-1796785574 {\n  width: 60%;\n}\n#text-box-1796785574 .text {\n  font-size: 100%;\n}\n@media (min-width:550px) {\n  #text-box-1796785574 {\n    width: 60%;\n  }\n}\n<\/style>\n    <\/div>\n \n        <\/div>\n      <\/div>\n\n            \n<style>\n#banner-1367879883 {\n  padding-top: 400px;\n  background-color: rgb(255,255,255);\n}\n#banner-1367879883 .bg.bg-loaded {\n  background-image: url(https:\/\/connaxis.hosting\/wp-content\/uploads\/2019\/03\/connaxis-hosting-email-banner.jpg);\n}\n#banner-1367879883 .bg {\n  background-position: 23% 27%;\n}\n<\/style>\n  <\/div>\n\n\n\t<div id=\"gap-977381240\" class=\"gap-element clearfix\" style=\"display:block; height:auto;\">\n\t\t\n<style>\n#gap-977381240 {\n  padding-top: 30px;\n}\n<\/style>\n\t<\/div>\n\t\n<p>Hay varias soluciones en la nube, las dos principales son Gsuite y Microsoft Office 365. Gsuite, la versi\u00f3n empresarial de Gmail y Google Docs. Office 365 es la soluci\u00f3n Microsoft Nube para toda la suite de oficina.<br \/>\nLo bueno de estas soluciones es que se puede seguir usando el viejo escritorio de Outlook, si lo desea. De todos modos podemos migrar todos los correos electr\u00f3nicos viejos, contactos y calendarios a las nuevas plataformas.<\/p>\n\t\t<\/div>\n\t\t\n<style>\n#col-1373566192 > .col-inner {\n  margin: 0px 0px -60px 0px;\n}\n<\/style>\n\t<\/div>\n\n\t\n<\/div>\n\t\t<\/div>\n\n\t\t\n<style>\n#section_1504105866 {\n  padding-top: 80px;\n  padding-bottom: 80px;\n}\n<\/style>\n\t<\/section>\n\t\n\t<section class=\"section\" id=\"section_428798704\">\n\t\t<div class=\"bg section-bg fill bg-fill bg-loaded bg-loaded\" >\n\n\t\t\t\n\t\t\t\n\t\t\t\n\n\t\t<\/div>\n\n\t\t<div class=\"section-content relative\">\n\t\t\t\n<div class=\"row\"  id=\"row-798774771\">\n\n\t<div id=\"col-1316813980\" class=\"col small-12 large-12\"  >\n\t\t<div class=\"col-inner text-center\"  >\n\t\t\t\n\t\t\t\n<h3>Servicios de correo electr\u00f3nico en la nube<\/h3>\n\t\t<\/div>\n\t\t\t<\/div>\n\n\t\n<\/div>\n<div class=\"row text-callout-frame-border\"  id=\"row-542848042\">\n\n\t<div id=\"col-1791795048\" class=\"col small-12 large-12\"  >\n\t\t<div class=\"col-inner\"  >\n\t\t\t\n\t\t\t\n<div class=\"row align-center\"  id=\"row-1687452542\">\n\n\t<div id=\"col-1691724357\" class=\"col medium-10 small-10 large-10\"  >\n\t\t<div class=\"col-inner text-center\"  >\n\t\t\t\n\t\t\t\n\t<div id=\"gap-1942023502\" class=\"gap-element clearfix\" style=\"display:block; height:auto;\">\n\t\t\n<style>\n#gap-1942023502 {\n  padding-top: 5px;\n}\n<\/style>\n\t<\/div>\n\t\n<div class=\"row\"  id=\"row-268064991\">\n\n\t<div id=\"col-1059703988\" class=\"col medium-6 small-12 large-6\"  >\n\t\t<div class=\"col-inner text-left\"  >\n\t\t\t\n\t\t\t\n<ul>\n<li>Gsuite<\/li>\n<li>Office 365<\/li>\n<li>Usa tu correo electr\u00f3nico dondequiera que est\u00e9s<\/li>\n<\/ul>\n\t\t<\/div>\n\t\t\t<\/div>\n\n\t\n\n\t<div id=\"col-1629151165\" class=\"col medium-6 small-12 large-6\"  >\n\t\t<div class=\"col-inner text-left\"  >\n\t\t\t\n\t\t\t\n<ul>\n<li>Para su escritorio, tableta o dispositivo m\u00f3vil<\/li>\n<li>Siempre una copia de seguridad segura en la nube<\/li>\n<li>Correo electr\u00f3nico, agenda, contactos y documentos se pueden compartir f\u00e1cilmente<\/li>\n<\/ul>\n\t\t<\/div>\n\t\t\t<\/div>\n\n\t\n<\/div>\n\t\t<\/div>\n\t\t\n<style>\n#col-1691724357 > .col-inner {\n  padding: 40px 0px 10px 0px;\n  margin: 0px 0px -20px 0px;\n}\n<\/style>\n\t<\/div>\n\n\t\n<\/div>\n\t\t<\/div>\n\t\t\n<style>\n#col-1791795048 > .col-inner {\n  margin: 0px 0px -50px 0px;\n}\n<\/style>\n\t<\/div>\n\n\t\n<\/div>\n\t\t<\/div>\n\n\t\t\n<style>\n#section_428798704 {\n  padding-top: 0px;\n  padding-bottom: 0px;\n}\n<\/style>\n\t<\/section>\n\t\n\t<section class=\"section section-pricing\" id=\"section_199094119\">\n\t\t<div class=\"bg section-bg fill bg-fill bg-loaded bg-loaded\" >\n\n\t\t\t\n\t\t\t\n\t\t\t\n\n\t\t<\/div>\n\n\t\t<div class=\"section-content relative\">\n\t\t\t\n<div class=\"row row-large\"  id=\"row-1358231320\">\n\n\t<div id=\"col-1481789389\" class=\"col medium-4 small-12 large-4\"  >\n\t\t<div class=\"col-inner\"  >\n\t\t\t\n\t\t\t\n<h4>Mini<\/h4>\n<h2>\u20ac3,4<\/h2>\n<p class=\"pricing-details\">Mensual excluyendo 21% de IVA<\/p>\n<ul>\n<li>3 Direcciones de correo<\/li>\n<li>30GB Espacio en disco<\/li>\n<li>30GB Tr\u00e1fico de datos<\/li>\n<li>0 Lista de correo<\/li>\n<\/ul>\n<p class=\"pricing-extra\">Incluye: correo web, seguridad de fuerza bruta, firewall, soporte 24&#215;7, copias de seguridad diarias, monitoreo compartido, SSL gratuito, Cpanel, Malware Ant Vius, Ani Spam<\/p>\n<a href=\"#cta-popup\" target=\"_self\" class=\"button primary is-link\"  >\n    <span>Pedi tu coreo<\/span>\n  <i class=\"icon-angle-right\" ><\/i><\/a>\n\n\t\t<\/div>\n\t\t\t<\/div>\n\n\t\n\n\t<div id=\"col-223394838\" class=\"col medium-4 small-12 large-4\"  >\n\t\t<div class=\"col-inner\"  >\n\t\t\t\n\t\t\t\n<h4>Small<\/h4>\n<h2>\u20ac11,4<\/h2>\n<p class=\"pricing-details\">Mensual excluyendo 21% de IVA<\/p>\n<ul>\n<li>10 Direcciones de correo<\/li>\n<li>100GB Espacio en disco<\/li>\n<li>100GB Tr\u00e1fico de datos<\/li>\n<li>0 Lista de correo<\/li>\n<\/ul>\n<p class=\"pricing-extra\">Incluye: correo web, seguridad de fuerza bruta, firewall, soporte 24&#215;7, copias de seguridad diarias, monitoreo compartido, SSL gratuito, Cpanel, Malware Ant Vius, Ani Spam<\/p>\n<a href=\"#cta-popup\" target=\"_self\" class=\"button primary is-link\"  >\n    <span>Pedi tu correo<\/span>\n  <i class=\"icon-angle-right\" ><\/i><\/a>\n\n\t\t<\/div>\n\t\t\t<\/div>\n\n\t\n\n\t<div id=\"col-222966566\" class=\"col medium-4 small-12 large-4\"  >\n\t\t<div class=\"col-inner\"  >\n\t\t\t\n\t\t\t\n<h4>Large<\/h4>\n<h2>\u20ac34,2<\/h2>\n<p class=\"pricing-details\">Mensual excluyendo 21% de IVA<\/p>\n<ul>\n<li>30 Direcciones de correo<\/li>\n<li>300GB Espacio en disco<\/li>\n<li>300GB Tr\u00e1fico de datos<\/li>\n<li>5 Lista de correo<\/li>\n<\/ul>\n<p class=\"pricing-extra\">Incluye: correo web, seguridad de fuerza bruta, firewall, soporte 24&#215;7, copias de seguridad diarias, monitoreo compartido, SSL gratuito, Cpanel, Malware Ant Vius, Ani Spam<\/p>\n<a href=\"#cta-popup\" target=\"_self\" class=\"button primary is-link\"  >\n    <span>Pedi tu correo<\/span>\n  <i class=\"icon-angle-right\" ><\/i><\/a>\n\n\t\t<\/div>\n\t\t\t<\/div>\n\n\t\n<\/div>\n\t\t<\/div>\n\n\t\t\n<style>\n#section_199094119 {\n  padding-top: 80px;\n  padding-bottom: 80px;\n}\n<\/style>\n\t<\/section>\n\t\n\t<section class=\"section\" id=\"section_1230202967\">\n\t\t<div class=\"bg section-bg fill bg-fill bg-loaded bg-loaded\" >\n\n\t\t\t\n\t\t\t\n\t\t\t\n\n\t\t<\/div>\n\n\t\t<div class=\"section-content relative\">\n\t\t\t\n<div class=\"row\"  id=\"row-293370228\">\n\n\t<div id=\"col-1852227502\" class=\"col small-12 large-12\"  >\n\t\t<div class=\"col-inner text-center\"  >\n\t\t\t\n\t\t\t\n  <div class=\"icon-box testimonial-box icon-box-center text-center\">\n                <div class=\"icon-box-img testimonial-image circle\" style=\"width: 120px\">\n              <img loading=\"lazy\" decoding=\"async\" width=\"458\" height=\"458\" src=\"https:\/\/connaxis.hosting\/wp-content\/uploads\/2019\/03\/connaxis-hosting-email-cta.jpg\" class=\"attachment-thumbnail size-thumbnail\" alt=\"\" \/>        <\/div>\n                <div class=\"icon-box-text p-last-0\">\n            \t\t\t\t<div class=\"testimonial-text line-height-small italic test_text first-reset last-reset is-italic\">\n            \n\t<div id=\"gap-1369197147\" class=\"gap-element clearfix\" style=\"display:block; height:auto;\">\n\t\t\n<style>\n#gap-1369197147 {\n  padding-top: 0px;\n}\n<\/style>\n\t<\/div>\n\t\n          <\/div>\n          <div class=\"testimonial-meta pt-half\">\n             <strong class=\"testimonial-name test_name\"><\/strong>\n                          <span class=\"testimonial-company test_company\"><\/span>\n          <\/div>\n        <\/div>\n  <\/div>\n\n  \n<h5>Listo para empezar<\/h5>\n<h2>Ordene su cuenta @ ahora<\/h2>\n<a href=\"#cta-popup\" target=\"_self\" class=\"button primary\"  >\n    <span>Contacto<\/span>\n  <i class=\"icon-angle-right\" ><\/i><\/a>\n\n\t\t<\/div>\n\t\t\n<style>\n#col-1852227502 > .col-inner {\n  margin: -80px 0px 0px 0px;\n}\n<\/style>\n\t<\/div>\n\n\t\n<\/div>\n\t<div id=\"gap-1386743542\" class=\"gap-element clearfix\" style=\"display:block; height:auto;\">\n\t\t\n<style>\n#gap-1386743542 {\n  padding-top: 30px;\n}\n<\/style>\n\t<\/div>\n\t\n\t\t<\/div>\n\n\t\t\n<style>\n#section_1230202967 {\n  padding-top: 30px;\n  padding-bottom: 30px;\n  background-color: rgb(241, 242, 247);\n}\n<\/style>\n\t<\/section>\n\t\n<h4><\/h4>\n","protected":false},"excerpt":{"rendered":"","protected":false},"author":1,"featured_media":0,"parent":0,"menu_order":0,"comment_status":"closed","ping_status":"closed","template":"page-blank.php","meta":{"footnotes":""},"class_list":["post-905","page","type-page","status-publish","hentry"],"yoast_head":"<!-- This site is optimized with the Yoast SEO plugin v27.4 - https:\/\/yoast.com\/product\/yoast-seo-wordpress\/ -->\n<title>Correo - Connaxis Hosting<\/title>\n<meta name=\"robots\" content=\"index, follow, max-snippet:-1, max-image-preview:large, max-video-preview:-1\" \/>\n<link rel=\"canonical\" href=\"https:\/\/connaxis.hosting\/es\/correo\/\" \/>\n<meta property=\"og:locale\" content=\"es_ES\" \/>\n<meta property=\"og:type\" content=\"article\" \/>\n<meta property=\"og:title\" content=\"Correo - Connaxis Hosting\" \/>\n<meta property=\"og:url\" content=\"https:\/\/connaxis.hosting\/es\/correo\/\" \/>\n<meta property=\"og:site_name\" content=\"Connaxis Hosting\" \/>\n<meta property=\"article:modified_time\" content=\"2025-12-04T16:31:50+00:00\" \/>\n<meta name=\"twitter:card\" content=\"summary_large_image\" \/>\n<meta name=\"twitter:label1\" content=\"Tiempo de lectura\" \/>\n\t<meta name=\"twitter:data1\" content=\"3 minutos\" \/>\n<script type=\"application\/ld+json\" class=\"yoast-schema-graph\">{\"@context\":\"https:\\\/\\\/schema.org\",\"@graph\":[{\"@type\":\"WebPage\",\"@id\":\"https:\\\/\\\/connaxis.hosting\\\/es\\\/correo\\\/\",\"url\":\"https:\\\/\\\/connaxis.hosting\\\/es\\\/correo\\\/\",\"name\":\"Correo - Connaxis Hosting\",\"isPartOf\":{\"@id\":\"https:\\\/\\\/connaxis.hosting\\\/#website\"},\"datePublished\":\"2019-05-18T14:33:50+00:00\",\"dateModified\":\"2025-12-04T16:31:50+00:00\",\"breadcrumb\":{\"@id\":\"https:\\\/\\\/connaxis.hosting\\\/es\\\/correo\\\/#breadcrumb\"},\"inLanguage\":\"es\",\"potentialAction\":[{\"@type\":\"ReadAction\",\"target\":[\"https:\\\/\\\/connaxis.hosting\\\/es\\\/correo\\\/\"]}]},{\"@type\":\"BreadcrumbList\",\"@id\":\"https:\\\/\\\/connaxis.hosting\\\/es\\\/correo\\\/#breadcrumb\",\"itemListElement\":[{\"@type\":\"ListItem\",\"position\":1,\"name\":\"Home\",\"item\":\"https:\\\/\\\/connaxis.hosting\\\/es\\\/\"},{\"@type\":\"ListItem\",\"position\":2,\"name\":\"Correo\"}]},{\"@type\":\"WebSite\",\"@id\":\"https:\\\/\\\/connaxis.hosting\\\/#website\",\"url\":\"https:\\\/\\\/connaxis.hosting\\\/\",\"name\":\"Connaxis Hosting\",\"description\":\"Your fast and reliable hosting partner\",\"potentialAction\":[{\"@type\":\"SearchAction\",\"target\":{\"@type\":\"EntryPoint\",\"urlTemplate\":\"https:\\\/\\\/connaxis.hosting\\\/?s={search_term_string}\"},\"query-input\":{\"@type\":\"PropertyValueSpecification\",\"valueRequired\":true,\"valueName\":\"search_term_string\"}}],\"inLanguage\":\"es\"}]}<\/script>\n<!-- \/ Yoast SEO plugin. -->","yoast_head_json":{"title":"Correo - Connaxis Hosting","robots":{"index":"index","follow":"follow","max-snippet":"max-snippet:-1","max-image-preview":"max-image-preview:large","max-video-preview":"max-video-preview:-1"},"canonical":"https:\/\/connaxis.hosting\/es\/correo\/","og_locale":"es_ES","og_type":"article","og_title":"Correo - Connaxis Hosting","og_url":"https:\/\/connaxis.hosting\/es\/correo\/","og_site_name":"Connaxis Hosting","article_modified_time":"2025-12-04T16:31:50+00:00","twitter_card":"summary_large_image","twitter_misc":{"Tiempo de lectura":"3 minutos"},"schema":{"@context":"https:\/\/schema.org","@graph":[{"@type":"WebPage","@id":"https:\/\/connaxis.hosting\/es\/correo\/","url":"https:\/\/connaxis.hosting\/es\/correo\/","name":"Correo - Connaxis Hosting","isPartOf":{"@id":"https:\/\/connaxis.hosting\/#website"},"datePublished":"2019-05-18T14:33:50+00:00","dateModified":"2025-12-04T16:31:50+00:00","breadcrumb":{"@id":"https:\/\/connaxis.hosting\/es\/correo\/#breadcrumb"},"inLanguage":"es","potentialAction":[{"@type":"ReadAction","target":["https:\/\/connaxis.hosting\/es\/correo\/"]}]},{"@type":"BreadcrumbList","@id":"https:\/\/connaxis.hosting\/es\/correo\/#breadcrumb","itemListElement":[{"@type":"ListItem","position":1,"name":"Home","item":"https:\/\/connaxis.hosting\/es\/"},{"@type":"ListItem","position":2,"name":"Correo"}]},{"@type":"WebSite","@id":"https:\/\/connaxis.hosting\/#website","url":"https:\/\/connaxis.hosting\/","name":"Connaxis Hosting","description":"Your fast and reliable hosting partner","potentialAction":[{"@type":"SearchAction","target":{"@type":"EntryPoint","urlTemplate":"https:\/\/connaxis.hosting\/?s={search_term_string}"},"query-input":{"@type":"PropertyValueSpecification","valueRequired":true,"valueName":"search_term_string"}}],"inLanguage":"es"}]}},"_links":{"self":[{"href":"https:\/\/connaxis.hosting\/es\/wp-json\/wp\/v2\/pages\/905","targetHints":{"allow":["GET"]}}],"collection":[{"href":"https:\/\/connaxis.hosting\/es\/wp-json\/wp\/v2\/pages"}],"about":[{"href":"https:\/\/connaxis.hosting\/es\/wp-json\/wp\/v2\/types\/page"}],"author":[{"embeddable":true,"href":"https:\/\/connaxis.hosting\/es\/wp-json\/wp\/v2\/users\/1"}],"replies":[{"embeddable":true,"href":"https:\/\/connaxis.hosting\/es\/wp-json\/wp\/v2\/comments?post=905"}],"version-history":[{"count":7,"href":"https:\/\/connaxis.hosting\/es\/wp-json\/wp\/v2\/pages\/905\/revisions"}],"predecessor-version":[{"id":1539,"href":"https:\/\/connaxis.hosting\/es\/wp-json\/wp\/v2\/pages\/905\/revisions\/1539"}],"wp:attachment":[{"href":"https:\/\/connaxis.hosting\/es\/wp-json\/wp\/v2\/media?parent=905"}],"curies":[{"name":"wp","href":"https:\/\/api.w.org\/{rel}","templated":true}]}}