{"id":916,"date":"2019-05-18T17:00:27","date_gmt":"2019-05-18T15:00:27","guid":{"rendered":"https:\/\/connaxis.hosting\/?page_id=916"},"modified":"2019-05-18T17:00:27","modified_gmt":"2019-05-18T15:00:27","slug":"prevencion-de-hack","status":"publish","type":"page","link":"https:\/\/connaxis.hosting\/es\/prevencion-de-hack\/","title":{"rendered":"Prevenci\u00f3n de Hack"},"content":{"rendered":"\t<section class=\"section\" id=\"section_413966217\">\n\t\t<div class=\"bg section-bg fill bg-fill bg-loaded \" >\n\n\t\t\t\n\t\t\t\n\t\t\t\n\n\t\t<\/div>\n\n\t\t<div class=\"section-content relative\">\n\t\t\t\n\t<div id=\"gap-909331607\" class=\"gap-element clearfix\" style=\"display:block; height:auto;\">\n\t\t\n<style>\n#gap-909331607 {\n  padding-top: 80px;\n}\n<\/style>\n\t<\/div>\n\t\n<div class=\"row\"  id=\"row-506850557\">\n\n\t<div id=\"col-1798251436\" class=\"col medium-6 small-12 large-6\"  >\n\t\t<div class=\"col-inner\"  >\n\t\t\t\n\t\t\t\n<h1 class=\"subtitle\">Prevenci\u00f3n de Hack<\/h1>\n<h2 class=\"page-title\">Google encuentra cerca de 10.000 sitios web pirateados por d\u00eda<\/h2>\n<p>Protege tu sitio web con nuestro Plan de Prevenci\u00f3n de Hack<\/p>\n<a rel=\"noopener noreferrer\" href=\"#packages\" target=\"_blank\" class=\"button primary\"  >\n    <span>Elige tu paquete<\/span>\n  <\/a>\n\n\t\t<\/div>\n\t\t\t<\/div>\n\n\t\n<\/div>\n\t\t<\/div>\n\n\t\t\n<style>\n#section_413966217 {\n  padding-top: 60px;\n  padding-bottom: 60px;\n  background-color: rgb(241, 242, 247);\n}\n#section_413966217 .section-bg.bg-loaded {\n  background-image: url(https:\/\/connaxis.hosting\/wp-content\/uploads\/2019\/03\/connaxis-hosting-fluid-shape-6.png);\n}\n#section_413966217 .section-bg {\n  background-position: 60% 52%;\n}\n<\/style>\n\t<\/section>\n\t\n\t<section class=\"section\" id=\"section_880276884\">\n\t\t<div class=\"bg section-bg fill bg-fill bg-loaded bg-loaded\" >\n\n\t\t\t\n\t\t\t\n\t\t\t\n\n\t\t<\/div>\n\n\t\t<div class=\"section-content relative\">\n\t\t\t\n<div class=\"row align-center\"  id=\"row-241485698\">\n\n\t<div id=\"col-628824744\" class=\"col medium-7 small-12 large-7\"  >\n\t\t<div class=\"col-inner text-center\"  >\n\t\t\t\n\t\t\t\n<h2>Hosting con Prevenci\u00f3n Hack<\/h2>\n<p>Google escanea internet todo el d\u00eda para llenar su motor de b\u00fasqueda. Adem\u00e1s, tambi\u00e9n encuentran sitios web pirateados que contienen malware y virus. En 2012, hubo casi 10,000 por d\u00eda &#8230; Existe una gran probabilidad de que su sitio sea hackeado. O tal vez ya has sido la v\u00edctima.<\/p>\n\t\t<\/div>\n\t\t\t<\/div>\n\n\t\n<\/div>\n<div class=\"row align-center\"  id=\"row-786449011\">\n\n\t<div id=\"col-949058760\" class=\"col medium-10 small-12 large-10\"  >\n\t\t<div class=\"col-inner\"  >\n\t\t\t\n\t\t\t\n\n  <div class=\"banner has-hover\" id=\"banner-1125028272\">\n          <div class=\"banner-inner fill\">\n        <div class=\"banner-bg fill\" >\n            <div class=\"bg fill bg-fill bg-loaded\"><\/div>\n                                    \n                    <\/div>\n        <div class=\"banner-layers container\">\n            <div class=\"fill banner-link\"><\/div>            \n   <div id=\"text-box-2092084228\" class=\"text-box banner-layer x50 md-x50 lg-x50 y50 md-y50 lg-y50 res-text\">\n                                <div class=\"text dark\">\n              \n              <div class=\"text-inner text-center\">\n                  \n              <\/div>\n           <\/div>\n                            \n<style>\n#text-box-2092084228 {\n  width: 60%;\n}\n#text-box-2092084228 .text {\n  font-size: 100%;\n}\n@media (min-width:550px) {\n  #text-box-2092084228 {\n    width: 60%;\n  }\n}\n<\/style>\n    <\/div>\n \n        <\/div>\n      <\/div>\n\n            \n<style>\n#banner-1125028272 {\n  padding-top: 56.25%;\n  background-color: rgb(255,255,255);\n}\n#banner-1125028272 .bg.bg-loaded {\n  background-image: url(https:\/\/connaxis.hosting\/wp-content\/uploads\/2019\/04\/hack-prevention-hero-connaxis-hosting.jpg);\n}\n#banner-1125028272 .bg {\n  background-position: 50% 52%;\n}\n<\/style>\n  <\/div>\n\n\n\t<div id=\"gap-1048678991\" class=\"gap-element clearfix\" style=\"display:block; height:auto;\">\n\t\t\n<style>\n#gap-1048678991 {\n  padding-top: 30px;\n}\n<\/style>\n\t<\/div>\n\t\n<p>La pirater\u00eda de sitios web es un problema com\u00fan y un riesgo que no debe subestimarse. Un art\u00edculo en nu.nl del 3 de diciembre de 2012 dice que \u00ablos ataques cibern\u00e9ticos ser\u00e1n el mayor riesgo empresarial dentro de dos a\u00f1os\u00bb. O mira la investigaci\u00f3n del reportero de KRO del 7 de diciembre de 2012 y sabes que es un problema grave que cualquiera puede tocar. Los dispositivos perif\u00e9ricos, como las impresoras HP y los discos externos de iOmega, la informaci\u00f3n confidencial de KLM, Unilever, Ballast Nedam y la organizaci\u00f3n policial Europol fueron accesibles. en las orejas<\/p>\n<h3>\u00bfPor qu\u00e9 los hackers hacen eso?<\/h3>\n<p>Dinero &#8230; Los piratas inform\u00e1ticos est\u00e1n buscando datos bancarios y de inicio de sesi\u00f3n, informaci\u00f3n de tarjetas de cr\u00e9dito y otras formas de encontrar dinero. Para poder hacer eso quieren usar su servidor o sitio. Env\u00edan spam a trav\u00e9s de sitios existentes, monitorean el tr\u00e1fico de Internet y roban datos de los usuarios. Cuanto m\u00e1s tiempo se d\u00e9 cuenta de que el sitio ha sido hackeado, mejor ser\u00e1 para el pirata inform\u00e1tico. De esta manera, pueden continuar sus actividades durante mucho tiempo y al mismo tiempo permanecer en el anonimato. Les gusta usar sitios \u00abnormales\u00bb como el suyo, porque tienen una buena reputaci\u00f3n \u00ablimpia\u00bb. Sus correos electr\u00f3nicos y archivos o enlaces tienen menos probabilidades de ser considerados sospechosos porque su sitio no es (todav\u00eda) conocido como sitio de pornograf\u00eda o spam.<\/p>\n<h3>\u00bfC\u00f3mo hacen eso?<\/h3>\n<p>1) Tienen los c\u00f3digos de acceso de ftp o su panel de control. Los han recibido a trav\u00e9s de correos electr\u00f3nicos que contienen la informaci\u00f3n de inicio de sesi\u00f3n. Lo hacen a trav\u00e9s de \u00absniffers\u00bb, programas que monitorean redes. Si su PC est\u00e1 infectada con un registrador de teclas, un programa que guarda todas las pulsaciones y las reenv\u00eda a ellos.<\/p>\n<p>2) A trav\u00e9s de una fuga en el servidor o el software del sitio El software que usa su sitio es, por ejemplo, WordPress, Cakephp, Drupal, Joomla, Magento, Modx, Ruby, etc., pero tambi\u00e9n un formulario de contacto o foro. La mayor\u00eda del software tarde o temprano tiene una fuga en alg\u00fan lugar. Eso sucede con las mejores y m\u00e1s grandes fiestas, como Google, Facebook y Microsoft. Estos d\u00edas casi todos tienen actualizaciones autom\u00e1ticas. Google Chrome y su PC con Windows reciben autom\u00e1ticamente nuevos parches y actualizaciones (\u00bfest\u00e1 encendido?). Pero su sitio web no es &#8230;<\/p>\n<p>Si no aplica las actualizaciones de software a tiempo, puede esperar a que un hacker ingrese en su sistema La mayor\u00eda de los programadores y propietarios de sitios web no hacen esto. \u00bfCu\u00e1ntas veces hemos visto los sitios de Joomla, Drupal y WordPress con versiones altamente obsoletas?<\/p>\n<p>Para el desarrollador de un sitio a menudo no tiene prioridad. Cuando el sitio ha sido entregado, por lo general est\u00e1n listos. Para el propietario suele ser territorio desconocido. Solo quieren usar el sitio y no preocuparse por el mantenimiento o las actualizaciones.<\/p>\n\t\t<\/div>\n\t\t\n<style>\n#col-949058760 > .col-inner {\n  margin: 0px 0px -60px 0px;\n}\n<\/style>\n\t<\/div>\n\n\t\n<\/div>\n\t\t<\/div>\n\n\t\t\n<style>\n#section_880276884 {\n  padding-top: 80px;\n  padding-bottom: 80px;\n}\n<\/style>\n\t<\/section>\n\t\n\t<section class=\"section\" id=\"section_23968392\">\n\t\t<div class=\"bg section-bg fill bg-fill bg-loaded bg-loaded\" >\n\n\t\t\t\n\t\t\t\n\t\t\t\n\n\t\t<\/div>\n\n\t\t<div class=\"section-content relative\">\n\t\t\t\n<div class=\"row\"  id=\"row-2091685506\">\n\n\t<div id=\"col-616403136\" class=\"col small-12 large-12\"  >\n\t\t<div class=\"col-inner text-center\"  >\n\t\t\t\n\t\t\t\n<h3>Hackeado? Llama +31 20 220 2138<\/h3>\n\t\t<\/div>\n\t\t\t<\/div>\n\n\t\n<\/div>\n<div class=\"row text-callout-frame-border\"  id=\"row-1493959579\">\n\n\t<div id=\"col-1270468667\" class=\"col small-12 large-12\"  >\n\t\t<div class=\"col-inner\"  >\n\t\t\t\n\t\t\t\n<div class=\"row align-center\"  id=\"row-583289499\">\n\n\t<div id=\"col-211717992\" class=\"col medium-10 small-10 large-10\"  >\n\t\t<div class=\"col-inner text-center\"  >\n\t\t\t\n\t\t\t\n\t<div id=\"gap-1476133029\" class=\"gap-element clearfix\" style=\"display:block; height:auto;\">\n\t\t\n<style>\n#gap-1476133029 {\n  padding-top: 5px;\n}\n<\/style>\n\t<\/div>\n\t\n<div class=\"row\"  id=\"row-33841992\">\n\n\t<div id=\"col-197731470\" class=\"col medium-6 small-12 large-6\"  >\n\t\t<div class=\"col-inner text-left\"  >\n\t\t\t\n\t\t\t\n<ul>\n<li>Actualizaciones de php y m\u00f3dulos de CMS<\/li>\n<li>Escaneo de virus<\/li>\n<li>Escaneo de virus<\/li>\n<\/ul>\n\t\t<\/div>\n\t\t\t<\/div>\n\n\t\n\n\t<div id=\"col-1715416327\" class=\"col medium-6 small-12 large-6\"  >\n\t\t<div class=\"col-inner text-left\"  >\n\t\t\t\n\t\t\t\n<ul>\n<li>Monitoreo de lista negra<\/li>\n<li>Soporte 24&#215;7<\/li>\n<li>Certificado SSL<\/li>\n<\/ul>\n\t\t<\/div>\n\t\t\t<\/div>\n\n\t\n<\/div>\n\t\t<\/div>\n\t\t\n<style>\n#col-211717992 > .col-inner {\n  padding: 40px 0px 10px 0px;\n  margin: 0px 0px -20px 0px;\n}\n<\/style>\n\t<\/div>\n\n\t\n<\/div>\n\t\t<\/div>\n\t\t\n<style>\n#col-1270468667 > .col-inner {\n  margin: 0px 0px -50px 0px;\n}\n<\/style>\n\t<\/div>\n\n\t\n<\/div>\n\t\t<\/div>\n\n\t\t\n<style>\n#section_23968392 {\n  padding-top: 0px;\n  padding-bottom: 0px;\n}\n<\/style>\n\t<\/section>\n\t\n<span class=\"scroll-to\" data-label=\"Scroll to: #packages\" data-bullet=\"false\" data-link=\"#packages\" data-title=\"packages\"><a name=\"packages\"><\/a><\/span>\n\t<section class=\"section section-pricing\" id=\"section_398863449\">\n\t\t<div class=\"bg section-bg fill bg-fill bg-loaded bg-loaded\" >\n\n\t\t\t\n\t\t\t\n\t\t\t\n\n\t\t<\/div>\n\n\t\t<div class=\"section-content relative\">\n\t\t\t\n<div class=\"row row-large\"  id=\"row-840367178\">\n\n\t<div id=\"col-272126737\" class=\"col medium-6 small-6 large-3\"  >\n\t\t<div class=\"col-inner\"  >\n\t\t\t\n\t\t\t\n<h4>Plan A<\/h4>\n<h2>\u20ac56<\/h2>\n<p class=\"pricing-details\">Mensual excluyendo 21% de IVA<\/p>\n<ul>\n<li>Actualizaciones aplicadas al d\u00eda de lanzamiento: actualizaciones de plugin<\/li>\n<li>Diariamente: an\u00e1lisis de malware, an\u00e1lisis antivirus, fuerza bruta<\/li>\n<li>Diariamente: simulaci\u00f3n de hackeo<\/li>\n<li>Monitoreo de lista negra<\/li>\n<li>Firewall<\/li>\n<li>Soporte 24&#215;7<\/li>\n<\/ul>\n\t\t<\/div>\n\t\t\t<\/div>\n\n\t\n\n\t<div id=\"col-1887705837\" class=\"col medium-6 small-6 large-3\"  >\n\t\t<div class=\"col-inner\"  >\n\t\t\t\n\t\t\t\n<h4>Plan B<\/h4>\n<h2>\u20ac21<\/h2>\n<p class=\"pricing-details\">Mensual excluyendo 21% de IVA<\/p>\n<ul>\n<li>D\u00eda h\u00e1bil siguiente: actualizaciones de plugin<\/li>\n<li>Semanal: An\u00e1lisis de malware, An\u00e1lisis antivirus, Fuerza bruta<\/li>\n<li>Semanal: Hack simulaci\u00f3n, monitoreo de listas negras<\/li>\n<li>Firewall<\/li>\n<li>Soporte 24&#215;7<\/li>\n<\/ul>\n\t\t<\/div>\n\t\t\t<\/div>\n\n\t\n\n\t<div id=\"col-538406961\" class=\"col medium-6 small-6 large-3\"  >\n\t\t<div class=\"col-inner\"  >\n\t\t\t\n\t\t\t\n<h4>Plan C<\/h4>\n<h2>\u20ac9<\/h2>\n<p class=\"pricing-details\">Mensual excluyendo 21% de IVA<\/p>\n<ul>\n<li>Semanalmente: actualizaciones de complementos, an\u00e1lisis de malware, an\u00e1lisis antivirus, fuerza bruta<\/li>\n<li>Mensual: simulaci\u00f3n de pirateo, monitoreo de listas negras<\/li>\n<li>Firewall<\/li>\n<li>Soporte 24&#215;7<\/li>\n<\/ul>\n\t\t<\/div>\n\t\t\t<\/div>\n\n\t\n\n\t<div id=\"col-1895758247\" class=\"col medium-6 small-6 large-3\"  >\n\t\t<div class=\"col-inner\"  >\n\t\t\t\n\t\t\t\n<h4>Plan D<\/h4>\n<h2>\u20ac5<\/h2>\n<p class=\"pricing-details\">Mensual excluyendo 21% de IVA<\/p>\n<ul>\n<li>Actualizaciones de complementos: mensuales<\/li>\n<li><span style=\"text-decoration: line-through;\">Malware Scan<\/span><\/li>\n<li><span style=\"text-decoration: line-through;\">Anti Virus Scan<\/span><\/li>\n<li><span style=\"text-decoration: line-through;\">Brute force<\/span><\/li>\n<li><span style=\"text-decoration: line-through;\">Firewall<\/span><\/li>\n<li><span style=\"text-decoration: line-through;\">Hack simulation scan<\/span><\/li>\n<li><span style=\"text-decoration: line-through;\">Blacklist monitoring<\/span><\/li>\n<li><span style=\"text-decoration: line-through;\">24&#215;7 support<\/span><\/li>\n<\/ul>\n\t\t<\/div>\n\t\t\t<\/div>\n\n\t\n<\/div>\n\t\t<\/div>\n\n\t\t\n<style>\n#section_398863449 {\n  padding-top: 80px;\n  padding-bottom: 80px;\n}\n<\/style>\n\t<\/section>\n\t\n\t<section class=\"section\" id=\"section_394640466\">\n\t\t<div class=\"bg section-bg fill bg-fill bg-loaded bg-loaded\" >\n\n\t\t\t\n\t\t\t\n\t\t\t\n\n\t\t<\/div>\n\n\t\t<div class=\"section-content relative\">\n\t\t\t\n<div class=\"row\"  id=\"row-645115648\">\n\n\t<div id=\"col-914105115\" class=\"col small-12 large-12\"  >\n\t\t<div class=\"col-inner text-center\"  >\n\t\t\t\n\t\t\t\n  <div class=\"icon-box testimonial-box icon-box-center text-center\">\n                <div class=\"icon-box-img testimonial-image circle\" style=\"width: 120px\">\n              <img loading=\"lazy\" decoding=\"async\" width=\"500\" height=\"500\" src=\"https:\/\/connaxis.hosting\/wp-content\/uploads\/2019\/04\/hack-prevention-cta-connaxis-hosting.jpg\" class=\"attachment-thumbnail size-thumbnail\" alt=\"\" \/>        <\/div>\n                <div class=\"icon-box-text p-last-0\">\n            \t\t\t\t<div class=\"testimonial-text line-height-small italic test_text first-reset last-reset is-italic\">\n            \n\t<div id=\"gap-499751677\" class=\"gap-element clearfix\" style=\"display:block; height:auto;\">\n\t\t\n<style>\n#gap-499751677 {\n  padding-top: 0px;\n}\n<\/style>\n\t<\/div>\n\t\n          <\/div>\n          <div class=\"testimonial-meta pt-half\">\n             <strong class=\"testimonial-name test_name\"><\/strong>\n                          <span class=\"testimonial-company test_company\"><\/span>\n          <\/div>\n        <\/div>\n  <\/div>\n\n  \n<h5>Mantenga su sitio web seguro<\/h5>\n<h2>Protegemos su sitio<\/h2>\n<a href=\"#cta-popup\" target=\"_self\" class=\"button primary\"  >\n    <span>Contacto<\/span>\n  <i class=\"icon-angle-right\" ><\/i><\/a>\n\n\t\t<\/div>\n\t\t\n<style>\n#col-914105115 > .col-inner {\n  margin: -80px 0px 0px 0px;\n}\n<\/style>\n\t<\/div>\n\n\t\n<\/div>\n\t<div id=\"gap-591525353\" class=\"gap-element clearfix\" style=\"display:block; height:auto;\">\n\t\t\n<style>\n#gap-591525353 {\n  padding-top: 30px;\n}\n<\/style>\n\t<\/div>\n\t\n\t\t<\/div>\n\n\t\t\n<style>\n#section_394640466 {\n  padding-top: 30px;\n  padding-bottom: 30px;\n  background-color: rgb(241, 242, 247);\n}\n<\/style>\n\t<\/section>\n\t\n<h4><\/h4>\n","protected":false},"excerpt":{"rendered":"","protected":false},"author":1,"featured_media":0,"parent":0,"menu_order":0,"comment_status":"closed","ping_status":"closed","template":"page-blank.php","meta":{"footnotes":""},"class_list":["post-916","page","type-page","status-publish","hentry"],"yoast_head":"<!-- This site is optimized with the Yoast SEO plugin v27.4 - https:\/\/yoast.com\/product\/yoast-seo-wordpress\/ -->\n<title>Prevenci\u00f3n de Hack - Connaxis Hosting<\/title>\n<meta name=\"robots\" content=\"index, follow, max-snippet:-1, max-image-preview:large, max-video-preview:-1\" \/>\n<link rel=\"canonical\" href=\"https:\/\/connaxis.hosting\/es\/prevencion-de-hack\/\" \/>\n<meta property=\"og:locale\" content=\"es_ES\" \/>\n<meta property=\"og:type\" content=\"article\" \/>\n<meta property=\"og:title\" content=\"Prevenci\u00f3n de Hack - Connaxis Hosting\" \/>\n<meta property=\"og:url\" content=\"https:\/\/connaxis.hosting\/es\/prevencion-de-hack\/\" \/>\n<meta property=\"og:site_name\" content=\"Connaxis Hosting\" \/>\n<meta name=\"twitter:card\" content=\"summary_large_image\" \/>\n<meta name=\"twitter:label1\" content=\"Tiempo de lectura\" \/>\n\t<meta name=\"twitter:data1\" content=\"5 minutos\" \/>\n<script type=\"application\/ld+json\" class=\"yoast-schema-graph\">{\"@context\":\"https:\\\/\\\/schema.org\",\"@graph\":[{\"@type\":\"WebPage\",\"@id\":\"https:\\\/\\\/connaxis.hosting\\\/es\\\/prevencion-de-hack\\\/\",\"url\":\"https:\\\/\\\/connaxis.hosting\\\/es\\\/prevencion-de-hack\\\/\",\"name\":\"Prevenci\u00f3n de Hack - Connaxis Hosting\",\"isPartOf\":{\"@id\":\"https:\\\/\\\/connaxis.hosting\\\/#website\"},\"datePublished\":\"2019-05-18T15:00:27+00:00\",\"breadcrumb\":{\"@id\":\"https:\\\/\\\/connaxis.hosting\\\/es\\\/prevencion-de-hack\\\/#breadcrumb\"},\"inLanguage\":\"es\",\"potentialAction\":[{\"@type\":\"ReadAction\",\"target\":[\"https:\\\/\\\/connaxis.hosting\\\/es\\\/prevencion-de-hack\\\/\"]}]},{\"@type\":\"BreadcrumbList\",\"@id\":\"https:\\\/\\\/connaxis.hosting\\\/es\\\/prevencion-de-hack\\\/#breadcrumb\",\"itemListElement\":[{\"@type\":\"ListItem\",\"position\":1,\"name\":\"Home\",\"item\":\"https:\\\/\\\/connaxis.hosting\\\/es\\\/\"},{\"@type\":\"ListItem\",\"position\":2,\"name\":\"Prevenci\u00f3n de Hack\"}]},{\"@type\":\"WebSite\",\"@id\":\"https:\\\/\\\/connaxis.hosting\\\/#website\",\"url\":\"https:\\\/\\\/connaxis.hosting\\\/\",\"name\":\"Connaxis Hosting\",\"description\":\"Your fast and reliable hosting partner\",\"potentialAction\":[{\"@type\":\"SearchAction\",\"target\":{\"@type\":\"EntryPoint\",\"urlTemplate\":\"https:\\\/\\\/connaxis.hosting\\\/?s={search_term_string}\"},\"query-input\":{\"@type\":\"PropertyValueSpecification\",\"valueRequired\":true,\"valueName\":\"search_term_string\"}}],\"inLanguage\":\"es\"}]}<\/script>\n<!-- \/ Yoast SEO plugin. -->","yoast_head_json":{"title":"Prevenci\u00f3n de Hack - Connaxis Hosting","robots":{"index":"index","follow":"follow","max-snippet":"max-snippet:-1","max-image-preview":"max-image-preview:large","max-video-preview":"max-video-preview:-1"},"canonical":"https:\/\/connaxis.hosting\/es\/prevencion-de-hack\/","og_locale":"es_ES","og_type":"article","og_title":"Prevenci\u00f3n de Hack - Connaxis Hosting","og_url":"https:\/\/connaxis.hosting\/es\/prevencion-de-hack\/","og_site_name":"Connaxis Hosting","twitter_card":"summary_large_image","twitter_misc":{"Tiempo de lectura":"5 minutos"},"schema":{"@context":"https:\/\/schema.org","@graph":[{"@type":"WebPage","@id":"https:\/\/connaxis.hosting\/es\/prevencion-de-hack\/","url":"https:\/\/connaxis.hosting\/es\/prevencion-de-hack\/","name":"Prevenci\u00f3n de Hack - Connaxis Hosting","isPartOf":{"@id":"https:\/\/connaxis.hosting\/#website"},"datePublished":"2019-05-18T15:00:27+00:00","breadcrumb":{"@id":"https:\/\/connaxis.hosting\/es\/prevencion-de-hack\/#breadcrumb"},"inLanguage":"es","potentialAction":[{"@type":"ReadAction","target":["https:\/\/connaxis.hosting\/es\/prevencion-de-hack\/"]}]},{"@type":"BreadcrumbList","@id":"https:\/\/connaxis.hosting\/es\/prevencion-de-hack\/#breadcrumb","itemListElement":[{"@type":"ListItem","position":1,"name":"Home","item":"https:\/\/connaxis.hosting\/es\/"},{"@type":"ListItem","position":2,"name":"Prevenci\u00f3n de Hack"}]},{"@type":"WebSite","@id":"https:\/\/connaxis.hosting\/#website","url":"https:\/\/connaxis.hosting\/","name":"Connaxis Hosting","description":"Your fast and reliable hosting partner","potentialAction":[{"@type":"SearchAction","target":{"@type":"EntryPoint","urlTemplate":"https:\/\/connaxis.hosting\/?s={search_term_string}"},"query-input":{"@type":"PropertyValueSpecification","valueRequired":true,"valueName":"search_term_string"}}],"inLanguage":"es"}]}},"_links":{"self":[{"href":"https:\/\/connaxis.hosting\/es\/wp-json\/wp\/v2\/pages\/916","targetHints":{"allow":["GET"]}}],"collection":[{"href":"https:\/\/connaxis.hosting\/es\/wp-json\/wp\/v2\/pages"}],"about":[{"href":"https:\/\/connaxis.hosting\/es\/wp-json\/wp\/v2\/types\/page"}],"author":[{"embeddable":true,"href":"https:\/\/connaxis.hosting\/es\/wp-json\/wp\/v2\/users\/1"}],"replies":[{"embeddable":true,"href":"https:\/\/connaxis.hosting\/es\/wp-json\/wp\/v2\/comments?post=916"}],"version-history":[{"count":1,"href":"https:\/\/connaxis.hosting\/es\/wp-json\/wp\/v2\/pages\/916\/revisions"}],"predecessor-version":[{"id":917,"href":"https:\/\/connaxis.hosting\/es\/wp-json\/wp\/v2\/pages\/916\/revisions\/917"}],"wp:attachment":[{"href":"https:\/\/connaxis.hosting\/es\/wp-json\/wp\/v2\/media?parent=916"}],"curies":[{"name":"wp","href":"https:\/\/api.w.org\/{rel}","templated":true}]}}