{"id":923,"date":"2019-05-18T17:13:16","date_gmt":"2019-05-18T15:13:16","guid":{"rendered":"https:\/\/connaxis.hosting\/?page_id=923"},"modified":"2019-05-20T14:26:15","modified_gmt":"2019-05-20T12:26:15","slug":"magento-hosting","status":"publish","type":"page","link":"https:\/\/connaxis.hosting\/es\/magento-hosting\/","title":{"rendered":"Magento Hosting"},"content":{"rendered":"\t<section class=\"section\" id=\"section_15382807\">\n\t\t<div class=\"bg section-bg fill bg-fill bg-loaded \" >\n\n\t\t\t\n\t\t\t\n\t\t\t\n\n\t\t<\/div>\n\n\t\t<div class=\"section-content relative\">\n\t\t\t\n\t<div id=\"gap-30717833\" class=\"gap-element clearfix\" style=\"display:block; height:auto;\">\n\t\t\n<style>\n#gap-30717833 {\n  padding-top: 80px;\n}\n<\/style>\n\t<\/div>\n\t\n<div class=\"row\"  id=\"row-1030702976\">\n\n\t<div id=\"col-522053897\" class=\"col medium-6 small-12 large-6\"  >\n\t\t<div class=\"col-inner\"  >\n\t\t\t\n\t\t\t\n<h1 class=\"subtitle\">Magento hosting<\/h1>\n<h2 class=\"page-title\">Los mejores servidores, ayuda y extras para tu sitio web de Magento<\/h2>\n<p>Super hardware para super rendimiento<\/p>\n<a rel=\"noopener noreferrer\" href=\"#packages\" target=\"_blank\" class=\"button primary\"  >\n    <span>Elige tu paquete<\/span>\n  <\/a>\n\n\t\t<\/div>\n\t\t\t<\/div>\n\n\t\n<\/div>\n\t\t<\/div>\n\n\t\t\n<style>\n#section_15382807 {\n  padding-top: 60px;\n  padding-bottom: 60px;\n  background-color: rgb(241, 242, 247);\n}\n#section_15382807 .section-bg.bg-loaded {\n  background-image: url(https:\/\/connaxis.hosting\/wp-content\/uploads\/2019\/04\/connaxis-hosting-fluid-shape-9.png);\n}\n#section_15382807 .section-bg {\n  background-position: 47% 49%;\n}\n<\/style>\n\t<\/section>\n\t\n\t<section class=\"section\" id=\"section_1409266446\">\n\t\t<div class=\"bg section-bg fill bg-fill bg-loaded bg-loaded\" >\n\n\t\t\t\n\t\t\t\n\t\t\t\n\n\t\t<\/div>\n\n\t\t<div class=\"section-content relative\">\n\t\t\t\n<div class=\"row align-center\"  id=\"row-1413682430\">\n\n\t<div id=\"col-722841364\" class=\"col medium-7 small-12 large-7\"  >\n\t\t<div class=\"col-inner text-center\"  >\n\t\t\t\n\t\t\t\n<h2>\u00bfPor qu\u00e9 es magento la mejor soluci\u00f3n de tienda en l\u00ednea?<\/h2>\n<p>Magento es un paquete de comercio electr\u00f3nico de c\u00f3digo abierto muy completo. No es solo una tienda en l\u00ednea, sino que generalmente se considera el paquete m\u00e1s estable y completo. Tiene una amplia gama de opciones y m\u00f3dulos y tambi\u00e9n un gran grupo de usuarios. Esto es importante para el desarrollo continuo. Adem\u00e1s, tambi\u00e9n funciona muy bien para los tel\u00e9fonos m\u00f3viles iPhone, iPad y Android.<\/p>\n\t<div id=\"gap-438384262\" class=\"gap-element clearfix\" style=\"display:block; height:auto;\">\n\t\t\n<style>\n#gap-438384262 {\n  padding-top: 30px;\n}\n<\/style>\n\t<\/div>\n\t\n\t\t<\/div>\n\t\t\t<\/div>\n\n\t\n<\/div>\n<div class=\"row align-center\"  id=\"row-761018143\">\n\n\t<div id=\"col-1504595584\" class=\"col medium-10 small-12 large-10\"  >\n\t\t<div class=\"col-inner\"  >\n\t\t\t\n\t\t\t\n\n  <div class=\"banner has-hover\" id=\"banner-1452247059\">\n          <div class=\"banner-inner fill\">\n        <div class=\"banner-bg fill\" >\n            <div class=\"bg fill bg-fill bg-loaded\"><\/div>\n                                    \n                    <\/div>\n        <div class=\"banner-layers container\">\n            <div class=\"fill banner-link\"><\/div>            \n   <div id=\"text-box-370862644\" class=\"text-box banner-layer x50 md-x50 lg-x50 y50 md-y50 lg-y50 res-text\">\n                                <div class=\"text dark\">\n              \n              <div class=\"text-inner text-center\">\n                  \n              <\/div>\n           <\/div>\n                            \n<style>\n#text-box-370862644 {\n  width: 60%;\n}\n#text-box-370862644 .text {\n  font-size: 100%;\n}\n@media (min-width:550px) {\n  #text-box-370862644 {\n    width: 60%;\n  }\n}\n<\/style>\n    <\/div>\n \n        <\/div>\n      <\/div>\n\n            \n<style>\n#banner-1452247059 {\n  padding-top: 56.25%;\n  background-color: rgb(255,255,255);\n}\n#banner-1452247059 .bg.bg-loaded {\n  background-image: url(https:\/\/connaxis.hosting\/wp-content\/uploads\/2019\/03\/magento-hosting-banner-connaxis-hosting.jpg);\n}\n#banner-1452247059 .bg {\n  background-position: 50% 50%;\n}\n<\/style>\n  <\/div>\n\n\n\t<div id=\"gap-1775404293\" class=\"gap-element clearfix\" style=\"display:block; height:auto;\">\n\t\t\n<style>\n#gap-1775404293 {\n  padding-top: 30px;\n}\n<\/style>\n\t<\/div>\n\t\n<p>En Connaxis tenemos muchos a\u00f1os de experiencia en el desarrollo y la gesti\u00f3n de tiendas Magento. Podemos ayudarlo a configurar una nueva tienda web o la migraci\u00f3n de una tienda existente. La optimizaci\u00f3n es una parte importante de esto. Magento necesita muchos recursos para ejecutarse bien y r\u00e1pidamente.<\/p>\n<p>\u00bfCu\u00e1les son las sugerencias t\u00edpicas de optimizaci\u00f3n de Magento? Usar cach\u00e9 es la palabra clave en Magento. La cach\u00e9 de Magento bloquea el cach\u00e9, o el servidor MySql, el cach\u00e9 del navegador para los usuarios finales y el uso de inno_db como motor de almacenamiento o fastCGI, dependiendo de la distribuci\u00f3n de Linux. La mayor\u00eda de los expertos est\u00e1n de acuerdo en que Magento no est\u00e1 en un servidor compartido tradicional puede alojar Magento necesita mucha memoria dedicada y CPU.<\/p>\n<p>Si solo tiene una peque\u00f1a tienda en l\u00ednea con solo unos pocos visitantes por d\u00eda, entonces estar\u00e1 bien. Pero te acercas a 50 usuarios simult\u00e1neos y necesitas al menos una CPU dedicada de 2 ghz y 1 GB de RAM.<\/p>\n\t\t<\/div>\n\t\t\n<style>\n#col-1504595584 > .col-inner {\n  margin: 0px 0px -60px 0px;\n}\n<\/style>\n\t<\/div>\n\n\t\n<\/div>\n\t\t<\/div>\n\n\t\t\n<style>\n#section_1409266446 {\n  padding-top: 80px;\n  padding-bottom: 80px;\n}\n<\/style>\n\t<\/section>\n\t\n\t<section class=\"section\" id=\"section_1124143104\">\n\t\t<div class=\"bg section-bg fill bg-fill bg-loaded bg-loaded\" >\n\n\t\t\t\n\t\t\t\n\t\t\t\n\n\t\t<\/div>\n\n\t\t<div class=\"section-content relative\">\n\t\t\t\n<div class=\"row\"  id=\"row-1474202232\">\n\n\t<div id=\"col-1198940834\" class=\"col small-12 large-12\"  >\n\t\t<div class=\"col-inner text-center\"  >\n\t\t\t\n\t\t\t\n<h3>Magento en breve<\/h3>\n\t\t<\/div>\n\t\t\t<\/div>\n\n\t\n<\/div>\n<div class=\"row text-callout-frame-border\"  id=\"row-312357122\">\n\n\t<div id=\"col-649074325\" class=\"col small-12 large-12\"  >\n\t\t<div class=\"col-inner\"  >\n\t\t\t\n\t\t\t\n<div class=\"row align-center\"  id=\"row-1218177225\">\n\n\t<div id=\"col-2001211229\" class=\"col medium-10 small-10 large-10\"  >\n\t\t<div class=\"col-inner text-center\"  >\n\t\t\t\n\t\t\t\n\t<div id=\"gap-2146784849\" class=\"gap-element clearfix\" style=\"display:block; height:auto;\">\n\t\t\n<style>\n#gap-2146784849 {\n  padding-top: 5px;\n}\n<\/style>\n\t<\/div>\n\t\n<div class=\"row\"  id=\"row-1563933745\">\n\n\t<div id=\"col-636564908\" class=\"col medium-6 small-12 large-6\"  >\n\t\t<div class=\"col-inner text-left\"  >\n\t\t\t\n\t\t\t\n<ul>\n<li>Muy adecuado para tel\u00e9fonos m\u00f3viles<\/li>\n<li>Posibilidad de m\u00faltiples pasarelas de pago<\/li>\n<li>Gesti\u00f3n de cuentas de clientes<\/li>\n<\/ul>\n\t\t<\/div>\n\t\t\t<\/div>\n\n\t\n\n\t<div id=\"col-1362175513\" class=\"col medium-6 small-12 large-6\"  >\n\t\t<div class=\"col-inner text-left\"  >\n\t\t\t\n\t\t\t\n<ul>\n<li>Gesti\u00f3n de pedidos extensa<\/li>\n<li>Muchos idiomas diferentes disponibles<\/li>\n<li>Motor de b\u00fasqueda optimizado<\/li>\n<\/ul>\n\t\t<\/div>\n\t\t\t<\/div>\n\n\t\n<\/div>\n\t\t<\/div>\n\t\t\n<style>\n#col-2001211229 > .col-inner {\n  padding: 40px 0px 10px 0px;\n  margin: 0px 0px -20px 0px;\n}\n<\/style>\n\t<\/div>\n\n\t\n<\/div>\n\t\t<\/div>\n\t\t\n<style>\n#col-649074325 > .col-inner {\n  margin: 0px 0px -50px 0px;\n}\n<\/style>\n\t<\/div>\n\n\t\n<\/div>\n\t\t<\/div>\n\n\t\t\n<style>\n#section_1124143104 {\n  padding-top: 0px;\n  padding-bottom: 0px;\n}\n<\/style>\n\t<\/section>\n\t\n<span class=\"scroll-to\" data-label=\"Scroll to: #packages\" data-bullet=\"false\" data-link=\"#packages\" data-title=\"packages\"><a name=\"packages\"><\/a><\/span>\n\t<section class=\"section section-pricing\" id=\"section_1782373927\">\n\t\t<div class=\"bg section-bg fill bg-fill bg-loaded bg-loaded\" >\n\n\t\t\t\n\t\t\t\n\t\t\t\n\n\t\t<\/div>\n\n\t\t<div class=\"section-content relative\">\n\t\t\t\n<div class=\"row row-large\"  id=\"row-2003681089\">\n\n\t<div id=\"col-1353671058\" class=\"col medium-6 small-6 large-3\"  >\n\t\t<div class=\"col-inner\"  >\n\t\t\t\n\t\t\t\n<h4>Plan 1<\/h4>\n<h2>\u20ac17<\/h2>\n<p class=\"pricing-details\">Mensual excluyendo 21% de IVA<\/p>\n<ul>\n<li>&lt; 100 visitas por d\u00eda<\/li>\n<li>1 CPU Dedicado<\/li>\n<li>1 RAM Dedicado<\/li>\n<li>10GB Espacio en disco<\/li>\n<li>10GB Tr\u00e1fico de datos<\/li>\n<li>5 cuentas de correo<\/li>\n<li>Firewall compartido<\/li>\n<li>Monitoring compartido<\/li>\n<\/ul>\n<p class=\"pricing-extra\">Incluye: compresi\u00f3n Gzip, SSL gratuito, copias de seguridad diarias, Xcache, Brute Force, copia gratuita del sitio de prueba para el desarrollo, Malware Anti Virus<\/p>\n\t\t<\/div>\n\t\t\t<\/div>\n\n\t\n\n\t<div id=\"col-623922392\" class=\"col medium-6 small-6 large-3\"  >\n\t\t<div class=\"col-inner\"  >\n\t\t\t\n\t\t\t\n<h4>Plan 2<\/h4>\n<h2>\u20ac34<\/h2>\n<p class=\"pricing-details\">Mensual excluyendo 21% de IVA<\/p>\n<ul>\n<li>&lt; 300 visitas por d\u00eda<\/li>\n<li>2 CPU Dedicado<\/li>\n<li>2 RAM Dedicado<\/li>\n<li>20GB Espacio en disco<\/li>\n<li>20GB Tr\u00e1fico de datos<\/li>\n<li>10 cuentas de correo<\/li>\n<li>Firewall compartido<\/li>\n<li>Monitoring compartido<\/li>\n<\/ul>\n<p class=\"pricing-extra\">Incluye: compresi\u00f3n Gzip, SSL gratuito, copias de seguridad diarias, Xcache, Brute Force, copia gratuita del sitio de prueba para el desarrollo, Malware Anti Virus<\/p>\n\t\t<\/div>\n\t\t\t<\/div>\n\n\t\n\n\t<div id=\"col-1798472387\" class=\"col medium-6 small-6 large-3\"  >\n\t\t<div class=\"col-inner\"  >\n\t\t\t\n\t\t\t\n<h4>Plan 3<\/h4>\n<h2>\u20ac95<\/h2>\n<p class=\"pricing-details\">Mensual excluyendo 21% de IVA<\/p>\n<ul>\n<li>&lt; 1500 visitas por d\u00eda<\/li>\n<li>4 CPU Dedicado<\/li>\n<li>4 RAM Dedicado<\/li>\n<li>40GB Espacio en disco<\/li>\n<li>40GB Tr\u00e1fico de datos<\/li>\n<li>20 cuentas de correo<\/li>\n<li>Firewall compartido<\/li>\n<li>Monitoring compartido<\/li>\n<\/ul>\n<p class=\"pricing-extra\">Incluye: compresi\u00f3n Gzip, SSL gratuito, copias de seguridad diarias, Xcache, Brute Force, copia gratuita del sitio de prueba para el desarrollo, Malware Anti Virus<\/p>\n\t\t<\/div>\n\t\t\t<\/div>\n\n\t\n\n\t<div id=\"col-641379340\" class=\"col medium-6 small-6 large-3\"  >\n\t\t<div class=\"col-inner\"  >\n\t\t\t\n\t\t\t\n<h4>Plan 4<\/h4>\n<h2>\u20ac150<\/h2>\n<p class=\"pricing-details\">Mensual excluyendo 21% de IVA<\/p>\n<ul>\n<li>&lt; 3000 visitas por d\u00eda<\/li>\n<li>8 CPU Dedicado<\/li>\n<li>8 RAM Dedicado<\/li>\n<li>100GB Espacio en disco<\/li>\n<li>100GB Tr\u00e1fico de datos<\/li>\n<li>40 cuentas de correo<\/li>\n<li>Firewall compartido<\/li>\n<li>Monitoring compartido<\/li>\n<\/ul>\n<p class=\"pricing-extra\">Incluye: compresi\u00f3n Gzip, SSL gratuito, copias de seguridad diarias, Xcache, Brute Force, copia gratuita del sitio de prueba para el desarrollo, Malware Anti Virus<\/p>\n\t\t<\/div>\n\t\t\t<\/div>\n\n\t\n<\/div>\n\t\t<\/div>\n\n\t\t\n<style>\n#section_1782373927 {\n  padding-top: 80px;\n  padding-bottom: 80px;\n}\n<\/style>\n\t<\/section>\n\t\n\t<section class=\"section\" id=\"section_2024890306\">\n\t\t<div class=\"bg section-bg fill bg-fill bg-loaded bg-loaded\" >\n\n\t\t\t\n\t\t\t\n\t\t\t\n\n\t\t<\/div>\n\n\t\t<div class=\"section-content relative\">\n\t\t\t\n<div class=\"row\"  id=\"row-734095691\">\n\n\t<div id=\"col-1958394272\" class=\"col small-12 large-12\"  >\n\t\t<div class=\"col-inner text-center\"  >\n\t\t\t\n\t\t\t\n  <div class=\"icon-box testimonial-box icon-box-center text-center\">\n                <div class=\"icon-box-img testimonial-image circle\" style=\"width: 120px\">\n              <img loading=\"lazy\" decoding=\"async\" width=\"500\" height=\"500\" src=\"https:\/\/connaxis.hosting\/wp-content\/uploads\/2019\/03\/magento-hosting-cta-connaxis-hosting-500x500.jpg\" class=\"attachment-thumbnail size-thumbnail\" alt=\"\" srcset=\"https:\/\/connaxis.hosting\/wp-content\/uploads\/2019\/03\/magento-hosting-cta-connaxis-hosting-500x500.jpg 500w, https:\/\/connaxis.hosting\/wp-content\/uploads\/2019\/03\/magento-hosting-cta-connaxis-hosting.jpg 550w\" sizes=\"auto, (max-width: 500px) 100vw, 500px\" \/>        <\/div>\n                <div class=\"icon-box-text p-last-0\">\n            \t\t\t\t<div class=\"testimonial-text line-height-small italic test_text first-reset last-reset is-italic\">\n            \n\t<div id=\"gap-2027555847\" class=\"gap-element clearfix\" style=\"display:block; height:auto;\">\n\t\t\n<style>\n#gap-2027555847 {\n  padding-top: 0px;\n}\n<\/style>\n\t<\/div>\n\t\n          <\/div>\n          <div class=\"testimonial-meta pt-half\">\n             <strong class=\"testimonial-name test_name\"><\/strong>\n                          <span class=\"testimonial-company test_company\"><\/span>\n          <\/div>\n        <\/div>\n  <\/div>\n\n  \n<h5>Bienvenido al mundo real del comercio electr\u00f3nico.<\/h5>\n<h2>Mejor con Magento<\/h2>\n<a href=\"#cta-popup\" target=\"_self\" class=\"button primary\"  >\n    <span>Contacto<\/span>\n  <i class=\"icon-angle-right\" ><\/i><\/a>\n\n\t\t<\/div>\n\t\t\n<style>\n#col-1958394272 > .col-inner {\n  margin: -80px 0px 0px 0px;\n}\n<\/style>\n\t<\/div>\n\n\t\n<\/div>\n\t<div id=\"gap-1187225443\" class=\"gap-element clearfix\" style=\"display:block; height:auto;\">\n\t\t\n<style>\n#gap-1187225443 {\n  padding-top: 30px;\n}\n<\/style>\n\t<\/div>\n\t\n\t\t<\/div>\n\n\t\t\n<style>\n#section_2024890306 {\n  padding-top: 30px;\n  padding-bottom: 30px;\n  background-color: rgb(241, 242, 247);\n}\n<\/style>\n\t<\/section>\n\t\n<h4><\/h4>\n","protected":false},"excerpt":{"rendered":"","protected":false},"author":1,"featured_media":0,"parent":0,"menu_order":0,"comment_status":"closed","ping_status":"closed","template":"page-blank.php","meta":{"footnotes":""},"class_list":["post-923","page","type-page","status-publish","hentry"],"yoast_head":"<!-- This site is optimized with the Yoast SEO plugin v27.3 - https:\/\/yoast.com\/product\/yoast-seo-wordpress\/ -->\n<title>Magento Hosting - Connaxis Hosting<\/title>\n<meta name=\"robots\" content=\"index, follow, max-snippet:-1, max-image-preview:large, max-video-preview:-1\" \/>\n<link rel=\"canonical\" href=\"https:\/\/connaxis.hosting\/es\/magento-hosting\/\" \/>\n<meta property=\"og:locale\" content=\"es_ES\" \/>\n<meta property=\"og:type\" content=\"article\" \/>\n<meta property=\"og:title\" content=\"Magento Hosting - Connaxis Hosting\" \/>\n<meta property=\"og:url\" content=\"https:\/\/connaxis.hosting\/es\/magento-hosting\/\" \/>\n<meta property=\"og:site_name\" content=\"Connaxis Hosting\" \/>\n<meta property=\"article:modified_time\" content=\"2019-05-20T12:26:15+00:00\" \/>\n<meta name=\"twitter:card\" content=\"summary_large_image\" \/>\n<meta name=\"twitter:label1\" content=\"Tiempo de lectura\" \/>\n\t<meta name=\"twitter:data1\" content=\"4 minutos\" \/>\n<script type=\"application\/ld+json\" class=\"yoast-schema-graph\">{\"@context\":\"https:\\\/\\\/schema.org\",\"@graph\":[{\"@type\":\"WebPage\",\"@id\":\"https:\\\/\\\/connaxis.hosting\\\/es\\\/magento-hosting\\\/\",\"url\":\"https:\\\/\\\/connaxis.hosting\\\/es\\\/magento-hosting\\\/\",\"name\":\"Magento Hosting - Connaxis Hosting\",\"isPartOf\":{\"@id\":\"https:\\\/\\\/connaxis.hosting\\\/#website\"},\"datePublished\":\"2019-05-18T15:13:16+00:00\",\"dateModified\":\"2019-05-20T12:26:15+00:00\",\"breadcrumb\":{\"@id\":\"https:\\\/\\\/connaxis.hosting\\\/es\\\/magento-hosting\\\/#breadcrumb\"},\"inLanguage\":\"es\",\"potentialAction\":[{\"@type\":\"ReadAction\",\"target\":[\"https:\\\/\\\/connaxis.hosting\\\/es\\\/magento-hosting\\\/\"]}]},{\"@type\":\"BreadcrumbList\",\"@id\":\"https:\\\/\\\/connaxis.hosting\\\/es\\\/magento-hosting\\\/#breadcrumb\",\"itemListElement\":[{\"@type\":\"ListItem\",\"position\":1,\"name\":\"Home\",\"item\":\"https:\\\/\\\/connaxis.hosting\\\/es\\\/\"},{\"@type\":\"ListItem\",\"position\":2,\"name\":\"Magento Hosting\"}]},{\"@type\":\"WebSite\",\"@id\":\"https:\\\/\\\/connaxis.hosting\\\/#website\",\"url\":\"https:\\\/\\\/connaxis.hosting\\\/\",\"name\":\"Connaxis Hosting\",\"description\":\"Your fast and reliable hosting partner\",\"potentialAction\":[{\"@type\":\"SearchAction\",\"target\":{\"@type\":\"EntryPoint\",\"urlTemplate\":\"https:\\\/\\\/connaxis.hosting\\\/?s={search_term_string}\"},\"query-input\":{\"@type\":\"PropertyValueSpecification\",\"valueRequired\":true,\"valueName\":\"search_term_string\"}}],\"inLanguage\":\"es\"}]}<\/script>\n<!-- \/ Yoast SEO plugin. -->","yoast_head_json":{"title":"Magento Hosting - Connaxis Hosting","robots":{"index":"index","follow":"follow","max-snippet":"max-snippet:-1","max-image-preview":"max-image-preview:large","max-video-preview":"max-video-preview:-1"},"canonical":"https:\/\/connaxis.hosting\/es\/magento-hosting\/","og_locale":"es_ES","og_type":"article","og_title":"Magento Hosting - Connaxis Hosting","og_url":"https:\/\/connaxis.hosting\/es\/magento-hosting\/","og_site_name":"Connaxis Hosting","article_modified_time":"2019-05-20T12:26:15+00:00","twitter_card":"summary_large_image","twitter_misc":{"Tiempo de lectura":"4 minutos"},"schema":{"@context":"https:\/\/schema.org","@graph":[{"@type":"WebPage","@id":"https:\/\/connaxis.hosting\/es\/magento-hosting\/","url":"https:\/\/connaxis.hosting\/es\/magento-hosting\/","name":"Magento Hosting - Connaxis Hosting","isPartOf":{"@id":"https:\/\/connaxis.hosting\/#website"},"datePublished":"2019-05-18T15:13:16+00:00","dateModified":"2019-05-20T12:26:15+00:00","breadcrumb":{"@id":"https:\/\/connaxis.hosting\/es\/magento-hosting\/#breadcrumb"},"inLanguage":"es","potentialAction":[{"@type":"ReadAction","target":["https:\/\/connaxis.hosting\/es\/magento-hosting\/"]}]},{"@type":"BreadcrumbList","@id":"https:\/\/connaxis.hosting\/es\/magento-hosting\/#breadcrumb","itemListElement":[{"@type":"ListItem","position":1,"name":"Home","item":"https:\/\/connaxis.hosting\/es\/"},{"@type":"ListItem","position":2,"name":"Magento Hosting"}]},{"@type":"WebSite","@id":"https:\/\/connaxis.hosting\/#website","url":"https:\/\/connaxis.hosting\/","name":"Connaxis Hosting","description":"Your fast and reliable hosting partner","potentialAction":[{"@type":"SearchAction","target":{"@type":"EntryPoint","urlTemplate":"https:\/\/connaxis.hosting\/?s={search_term_string}"},"query-input":{"@type":"PropertyValueSpecification","valueRequired":true,"valueName":"search_term_string"}}],"inLanguage":"es"}]}},"_links":{"self":[{"href":"https:\/\/connaxis.hosting\/es\/wp-json\/wp\/v2\/pages\/923","targetHints":{"allow":["GET"]}}],"collection":[{"href":"https:\/\/connaxis.hosting\/es\/wp-json\/wp\/v2\/pages"}],"about":[{"href":"https:\/\/connaxis.hosting\/es\/wp-json\/wp\/v2\/types\/page"}],"author":[{"embeddable":true,"href":"https:\/\/connaxis.hosting\/es\/wp-json\/wp\/v2\/users\/1"}],"replies":[{"embeddable":true,"href":"https:\/\/connaxis.hosting\/es\/wp-json\/wp\/v2\/comments?post=923"}],"version-history":[{"count":6,"href":"https:\/\/connaxis.hosting\/es\/wp-json\/wp\/v2\/pages\/923\/revisions"}],"predecessor-version":[{"id":936,"href":"https:\/\/connaxis.hosting\/es\/wp-json\/wp\/v2\/pages\/923\/revisions\/936"}],"wp:attachment":[{"href":"https:\/\/connaxis.hosting\/es\/wp-json\/wp\/v2\/media?parent=923"}],"curies":[{"name":"wp","href":"https:\/\/api.w.org\/{rel}","templated":true}]}}