{"id":937,"date":"2019-05-20T14:29:32","date_gmt":"2019-05-20T12:29:32","guid":{"rendered":"https:\/\/connaxis.hosting\/?page_id=937"},"modified":"2019-05-20T16:04:37","modified_gmt":"2019-05-20T14:04:37","slug":"sobre-nosotros","status":"publish","type":"page","link":"https:\/\/connaxis.hosting\/es\/sobre-nosotros\/","title":{"rendered":"Sobre nosotros"},"content":{"rendered":"\t<section class=\"section\" id=\"section_445729571\">\n\t\t<div class=\"bg section-bg fill bg-fill bg-loaded \" >\n\n\t\t\t\n\t\t\t\n\t\t\t\n\n\t\t<\/div>\n\n\t\t<div class=\"section-content relative\">\n\t\t\t\n\t<div id=\"gap-829735404\" class=\"gap-element clearfix\" style=\"display:block; height:auto;\">\n\t\t\n<style>\n#gap-829735404 {\n  padding-top: 30px;\n}\n<\/style>\n\t<\/div>\n\t\n\t\t<\/div>\n\n\t\t\n<style>\n#section_445729571 {\n  padding-top: 30px;\n  padding-bottom: 30px;\n  min-height: 400px;\n}\n#section_445729571 .section-bg.bg-loaded {\n  background-image: url(https:\/\/connaxis.hosting\/wp-content\/uploads\/2019\/04\/connaxis-hosting-about-hero-1.jpg);\n}\n<\/style>\n\t<\/section>\n\t\n\t<section class=\"section\" id=\"section_405834666\">\n\t\t<div class=\"bg section-bg fill bg-fill bg-loaded bg-loaded\" >\n\n\t\t\t\n\t\t\t\n\t\t\t\n\n\t\t<\/div>\n\n\t\t<div class=\"section-content relative\">\n\t\t\t\n<div class=\"row\"  id=\"row-2015096717\">\n\n\t<div id=\"col-516917993\" class=\"col medium-8 small-12 large-8\"  >\n\t\t<div class=\"col-inner dark\" style=\"background-color:rgb(0,0,0);\" >\n\t\t\t\n\t\t\t\n<h2>Continuidad<\/h2>\n<p class=\"lead\">Uno de los aspectos m\u00e1s importantes de una empresa de hosting es la continuidad. La continuidad significa; Servidores fiables, estables y conexiones a internet. Pero tambi\u00e9n una organizaci\u00f3n estable, con personas que saben lo que est\u00e1n haciendo.<\/p>\n\t<div id=\"gap-1996310\" class=\"gap-element clearfix\" style=\"display:block; height:auto;\">\n\t\t\n<style>\n#gap-1996310 {\n  padding-top: 10px;\n}\n<\/style>\n\t<\/div>\n\t\n<a rel=\"#story\" href=\"#story\" target=\"_self\" class=\"button white lowercase\"  >\n    <span>Lee nuestra historia<\/span>\n  <i class=\"icon-angle-down\" ><\/i><\/a>\n\n\t\t<\/div>\n\t\t\n<style>\n#col-516917993 > .col-inner {\n  margin: -100px 0px 0px 0px;\n}\n<\/style>\n\t<\/div>\n\n\t\n\n<style>\n#row-2015096717 > .col > .col-inner {\n  padding: 60px 60px 40px 60px;\n}\n<\/style>\n<\/div>\n\t\t<\/div>\n\n\t\t\n<style>\n#section_405834666 {\n  padding-top: 0px;\n  padding-bottom: 0px;\n}\n<\/style>\n\t<\/section>\n\t\n\t<section class=\"section\" id=\"section_891743443\">\n\t\t<div class=\"bg section-bg fill bg-fill bg-loaded bg-loaded\" >\n\n\t\t\t\n\t\t\t\n\t\t\t\n\n\t\t<\/div>\n\n\t\t<div class=\"section-content relative\">\n\t\t\t\n<span class=\"scroll-to\" data-label=\"Scroll to: #story\" data-bullet=\"false\" data-link=\"#story\" data-title=\"Story\"><a name=\"story\"><\/a><\/span>\n<div class=\"row align-middle\"  id=\"row-1505247753\">\n\n\t<div id=\"col-582675372\" class=\"col index-1 medium-5 small-12 large-5\"  >\n\t\t<div class=\"col-inner\"  >\n\t\t\t\n\t\t\t\n\n  <div class=\"banner has-hover about-streetwise-index-up\" id=\"banner-46719878\">\n          <div class=\"banner-inner fill\">\n        <div class=\"banner-bg fill\" >\n            <div class=\"bg fill bg-fill bg-loaded\"><\/div>\n                                    \n                    <\/div>\n        <div class=\"banner-layers container\">\n            <div class=\"fill banner-link\"><\/div>            \n   <div id=\"text-box-635816595\" class=\"text-box banner-layer x50 md-x50 lg-x50 y50 md-y50 lg-y50 res-text\">\n                                <div class=\"text dark\">\n              \n              <div class=\"text-inner text-center\">\n                  \n              <\/div>\n           <\/div>\n                            \n<style>\n#text-box-635816595 {\n  width: 60%;\n}\n#text-box-635816595 .text {\n  font-size: 100%;\n}\n@media (min-width:550px) {\n  #text-box-635816595 {\n    width: 60%;\n  }\n}\n<\/style>\n    <\/div>\n \n        <\/div>\n      <\/div>\n\n            \n<style>\n#banner-46719878 {\n  padding-top: 350px;\n}\n#banner-46719878 .bg.bg-loaded {\n  background-image: url(https:\/\/connaxis.hosting\/wp-content\/uploads\/2019\/04\/connaxis-hosting-about-banner-1.jpg);\n}\n<\/style>\n  <\/div>\n\n\n\t\t<\/div>\n\t\t\t<\/div>\n\n\t\n\n\t<div id=\"col-2087800299\" class=\"col hide-for-small medium-1 small-12 large-1\"  >\n\t\t<div class=\"col-inner\" style=\"background-color:#f8981d;\" >\n\t\t\t\n\t\t\t\n\t<div id=\"gap-774910230\" class=\"gap-element clearfix\" style=\"display:block; height:auto;\">\n\t\t\n<style>\n#gap-774910230 {\n  padding-top: 450px;\n}\n<\/style>\n\t<\/div>\n\t\n\t\t<\/div>\n\t\t\n<style>\n#col-2087800299 > .col-inner {\n  margin: 0px 0px 0px -70px;\n}\n<\/style>\n\t<\/div>\n\n\t\n\n\t<div id=\"col-838080817\" class=\"col medium-6 small-12 large-6\"  data-animate=\"fadeInUp\">\n\t\t<div class=\"col-inner\"  >\n\t\t\t\n\t\t\t\n<p>Nuestra gente y nuestros servidores est\u00e1n repartidos por todo el mundo. Los beneficios son: riesgo de distribuci\u00f3n, menores costos (salarios, oficina, conexiones, etc.), flexibilidad en las horas de trabajo, acceso a una gran cantidad de los mejores talentos. Por ejemplo, contamos con consultores que hablan ingl\u00e9s, espa\u00f1ol y holand\u00e9s, ingenieros y personal de soporte t\u00e9cnico. Para usted, eso significa precios competitivos Y que estamos disponibles todo el a\u00f1o las 24 horas del d\u00eda, los 7 d\u00edas de la semana. Tampoco dependemos de una ubicaci\u00f3n para los servidores.<\/p>\n<a href=\"#cta-popup\" target=\"_self\" class=\"button primary is-underline lowercase\"  >\n    <span>Contacto<\/span>\n  <\/a>\n\n\t\t<\/div>\n\t\t\t<\/div>\n\n\t\n<\/div>\n\t\t<\/div>\n\n\t\t\n<style>\n#section_891743443 {\n  padding-top: 80px;\n  padding-bottom: 80px;\n}\n<\/style>\n\t<\/section>\n\t\n\t<section class=\"section\" id=\"section_735469501\">\n\t\t<div class=\"bg section-bg fill bg-fill bg-loaded \" >\n\n\t\t\t\n\t\t\t\n\t\t\t\n\n\t\t<\/div>\n\n\t\t<div class=\"section-content relative\">\n\t\t\t\n\t<div id=\"gap-1528366673\" class=\"gap-element clearfix\" style=\"display:block; height:auto;\">\n\t\t\n<style>\n#gap-1528366673 {\n  padding-top: 30px;\n}\n<\/style>\n\t<\/div>\n\t\n\t\t<\/div>\n\n\t\t\n<style>\n#section_735469501 {\n  padding-top: 30px;\n  padding-bottom: 30px;\n  min-height: 400px;\n}\n#section_735469501 .section-bg.bg-loaded {\n  background-image: url(https:\/\/connaxis.hosting\/wp-content\/uploads\/2019\/04\/connaxis-hosting-about-hero-2.jpg);\n}\n#section_735469501 .section-bg {\n  background-position: 66% 31%;\n}\n<\/style>\n\t<\/section>\n\t\n\t<section class=\"section\" id=\"section_1596570256\">\n\t\t<div class=\"bg section-bg fill bg-fill bg-loaded bg-loaded\" >\n\n\t\t\t\n\t\t\t\n\t\t\t\n\n\t\t<\/div>\n\n\t\t<div class=\"section-content relative\">\n\t\t\t\n<div class=\"row align-right\"  id=\"row-1798692533\">\n\n\t<div id=\"col-752756608\" class=\"col medium-8 small-12 large-8\"  >\n\t\t<div class=\"col-inner dark\" style=\"background-color:rgb(0,0,0);\" >\n\t\t\t\n\t\t\t\n<div class=\"container section-title-container\" ><h3 class=\"section-title section-title-normal\"><b><\/b><span class=\"section-title-main\" style=\"font-size:60%;\">Desde 1995<\/span><b><\/b><\/h3><\/div>\n<p>Hemos estado activos en hosting desde 1995. En todos esos a\u00f1os hemos acumulado una gran cantidad de experiencia y conocimiento. Existimos por la gracia del \u00e9xito de nuestros clientes. Por eso nos mantenemos al tanto de los \u00faltimos desarrollos y posibilidades. De esa manera podemos apoyarle mejor con sus negocios en l\u00ednea.<\/p>\n\t<div id=\"gap-1582848759\" class=\"gap-element clearfix\" style=\"display:block; height:auto;\">\n\t\t\n<style>\n#gap-1582848759 {\n  padding-top: 10px;\n}\n<\/style>\n\t<\/div>\n\t\n<a href=\"\/shared-hosting\" target=\"_self\" class=\"button white is-outline lowercase\"  >\n    <span>Domain &amp; Hosting<\/span>\n  <\/a>\n\n\t\t<\/div>\n\t\t\n<style>\n#col-752756608 > .col-inner {\n  margin: -100px 0px 0px 0px;\n}\n<\/style>\n\t<\/div>\n\n\t\n\n<style>\n#row-1798692533 > .col > .col-inner {\n  padding: 60px 60px 40px 60px;\n}\n<\/style>\n<\/div>\n\t\t<\/div>\n\n\t\t\n<style>\n#section_1596570256 {\n  padding-top: 0px;\n  padding-bottom: 0px;\n  background-color: rgb(244, 244, 244);\n}\n<\/style>\n\t<\/section>\n\t\n\t<section class=\"section\" id=\"section_684948057\">\n\t\t<div class=\"bg section-bg fill bg-fill bg-loaded bg-loaded\" >\n\n\t\t\t\n\t\t\t\n\t\t\t\n\n\t\t<\/div>\n\n\t\t<div class=\"section-content relative\">\n\t\t\t\n<div class=\"row align-middle\"  id=\"row-351449222\">\n\n\t<div id=\"col-686595267\" class=\"col medium-6 small-12 large-6\"  data-animate=\"fadeInUp\">\n\t\t<div class=\"col-inner\"  >\n\t\t\t\n\t\t\t\n<h3>Nos gusta codificar<\/h3>\n<p>Todav\u00eda estamos programando. A algunos clientes les gusta la forma en que trabajamos. Entonces puede ser \u00fatil que el alojamiento y la programaci\u00f3n funcionen con la misma persona.<\/p>\n<a href=\"#cta-popup\" target=\"_self\" class=\"button primary is-underline lowercase\"  >\n    <span>Contacto<\/span>\n  <\/a>\n\n\t\t<\/div>\n\t\t\t<\/div>\n\n\t\n\n\t<div id=\"col-634385721\" class=\"col hide-for-small medium-1 small-12 large-1\"  >\n\t\t<div class=\"col-inner\" style=\"background-color:#f8981d;\" >\n\t\t\t\n\t\t\t\n\t<div id=\"gap-872288850\" class=\"gap-element clearfix\" style=\"display:block; height:auto;\">\n\t\t\n<style>\n#gap-872288850 {\n  padding-top: 450px;\n}\n<\/style>\n\t<\/div>\n\t\n\t\t<\/div>\n\t\t\n<style>\n#col-634385721 > .col-inner {\n  margin: 0px 0px 0px 70px;\n}\n<\/style>\n\t<\/div>\n\n\t\n\n\t<div id=\"col-920091588\" class=\"col index-1 medium-5 small-12 large-5\"  >\n\t\t<div class=\"col-inner\"  >\n\t\t\t\n\t\t\t\n\n  <div class=\"banner has-hover about-streetwise-index-up\" id=\"banner-1463709587\">\n          <div class=\"banner-inner fill\">\n        <div class=\"banner-bg fill\" >\n            <div class=\"bg fill bg-fill bg-loaded\"><\/div>\n                                    \n                    <\/div>\n        <div class=\"banner-layers container\">\n            <div class=\"fill banner-link\"><\/div>            \n   <div id=\"text-box-1051939241\" class=\"text-box banner-layer x50 md-x50 lg-x50 y50 md-y50 lg-y50 res-text\">\n                                <div class=\"text dark\">\n              \n              <div class=\"text-inner text-center\">\n                  \n              <\/div>\n           <\/div>\n                            \n<style>\n#text-box-1051939241 {\n  width: 60%;\n}\n#text-box-1051939241 .text {\n  font-size: 100%;\n}\n@media (min-width:550px) {\n  #text-box-1051939241 {\n    width: 60%;\n  }\n}\n<\/style>\n    <\/div>\n \n        <\/div>\n      <\/div>\n\n            \n<style>\n#banner-1463709587 {\n  padding-top: 350px;\n}\n#banner-1463709587 .bg.bg-loaded {\n  background-image: url(https:\/\/connaxis.hosting\/wp-content\/uploads\/2019\/04\/lee-campbell-86958-unsplash-2500x1669.jpg);\n}\n<\/style>\n  <\/div>\n\n\n\t\t<\/div>\n\t\t\t<\/div>\n\n\t\n<\/div>\n\t\t<\/div>\n\n\t\t\n<style>\n#section_684948057 {\n  padding-top: 80px;\n  padding-bottom: 80px;\n  background-color: rgb(244, 244, 244);\n}\n<\/style>\n\t<\/section>\n\t\n\t<section class=\"section dark\" id=\"section_88865692\">\n\t\t<div class=\"bg section-bg fill bg-fill bg-loaded bg-loaded\" >\n\n\t\t\t\n\t\t\t\n\t\t\t\n\n\t\t<\/div>\n\n\t\t<div class=\"section-content relative\">\n\t\t\t\n<div class=\"slider-wrapper relative\" id=\"slider-1746783429\" >\n    <div class=\"slider slider-nav-dots-simple slider-nav-circle slider-nav-large slider-nav-light slider-nav-outside slider-style-container slider-show-nav\"\n        data-flickity-options='{\n            \"cellAlign\": \"center\",\n            \"imagesLoaded\": true,\n            \"lazyLoad\": 1,\n            \"freeScroll\": false,\n            \"wrapAround\": true,\n            \"autoPlay\": 6000,\n            \"pauseAutoPlayOnHover\" : true,\n            \"prevNextButtons\": false,\n            \"contain\" : true,\n            \"adaptiveHeight\" : true,\n            \"dragThreshold\" : 10,\n            \"percentPosition\": true,\n            \"pageDots\": true,\n            \"rightToLeft\": false,\n            \"draggable\": true,\n            \"selectedAttraction\": 0.1,\n            \"parallax\" : 0,\n            \"friction\": 0.6        }'\n        >\n        \n<div class=\"row row-collapse align-center\"  id=\"row-332135437\">\n\n\t<div id=\"col-333373332\" class=\"col small-12 large-12\"  >\n\t\t<div class=\"col-inner text-center\"  >\n\t\t\t\n\t\t\t\n<div class=\"container section-title-container\" style=\"margin-bottom:10px;\"><h2 class=\"section-title section-title-center\"><b><\/b><span class=\"section-title-main\" style=\"font-size:130%;\">1995<\/span><b><\/b><\/h2><\/div>\n<div class=\"row row-collapse\"  id=\"row-182798094\">\n\n\t<div id=\"col-2133952213\" class=\"col medium-8 small-10 large-8\"  >\n\t\t<div class=\"col-inner\"  >\n\t\t\t\n\t\t\t\n<p>Internet naci\u00f3 y nosotros tambi\u00e9n ..! Construimos los primeros sitios web con Cold Fusion y comenzamos nuestro propio alojamiento. En el Parque Cient\u00edfico de Amsterdam. Justo al lado del ahora famoso AMS-IX, uno de los intercambios de Internet m\u00e1s grandes.<\/p>\n\t\t<\/div>\n\t\t\t<\/div>\n\n\t\n<\/div>\n\t\t<\/div>\n\t\t\n<style>\n#col-333373332 > .col-inner {\n  margin: 0px 0px 30px 0px;\n}\n<\/style>\n\t<\/div>\n\n\t\n<\/div>\n<div class=\"row row-collapse align-center\"  id=\"row-1959871026\">\n\n\t<div id=\"col-484463334\" class=\"col small-12 large-12\"  >\n\t\t<div class=\"col-inner text-center\"  >\n\t\t\t\n\t\t\t\n<div class=\"container section-title-container\" style=\"margin-bottom:10px;\"><h2 class=\"section-title section-title-center\"><b><\/b><span class=\"section-title-main\" style=\"font-size:130%;\">2006<\/span><b><\/b><\/h2><\/div>\n<div class=\"row row-collapse\"  id=\"row-510190742\">\n\n\t<div id=\"col-1184345587\" class=\"col medium-8 small-10 large-8\"  >\n\t\t<div class=\"col-inner\"  >\n\t\t\t\n\t\t\t\n<p>Nuestra filosof\u00eda est\u00e1 cambiando, ya no solo los empleados holandeses y un centro de datos holand\u00e9s. Nos estamos convirtiendo en una organizaci\u00f3n con empleados y centros de datos que se extienden por todo el mundo. La escasez en el mercado laboral holand\u00e9s nos ha abierto el mundo. Y los datos deben estar lo m\u00e1s cerca posible de los visitantes.<\/p>\n\t\t<\/div>\n\t\t\t<\/div>\n\n\t\n<\/div>\n\t\t<\/div>\n\t\t\n<style>\n#col-484463334 > .col-inner {\n  margin: 0px 0px 30px 0px;\n}\n<\/style>\n\t<\/div>\n\n\t\n<\/div>\n<div class=\"row row-collapse align-center\"  id=\"row-510112991\">\n\n\t<div id=\"col-1560918646\" class=\"col small-12 large-12\"  >\n\t\t<div class=\"col-inner text-center\"  >\n\t\t\t\n\t\t\t\n<div class=\"container section-title-container\" style=\"margin-bottom:10px;\"><h2 class=\"section-title section-title-center\"><b><\/b><span class=\"section-title-main\" style=\"font-size:130%;\">2012<\/span><b><\/b><\/h2><\/div>\n<div class=\"row row-collapse\"  id=\"row-634444469\">\n\n\t<div id=\"col-832977917\" class=\"col medium-8 small-10 large-8\"  >\n\t\t<div class=\"col-inner\"  >\n\t\t\t\n\t\t\t\n<p>La computaci\u00f3n en la nube es el nuevo est\u00e1ndar. Amazon Web Services es revolucionario y ha provocado un importante cambio en el panorama del hospedaje. M\u00e1s empresas est\u00e1n siguiendo su ejemplo. La gran migraci\u00f3n a la nube ha comenzado, tambi\u00e9n para nosotros.<\/p>\n\t\t<\/div>\n\t\t\t<\/div>\n\n\t\n<\/div>\n\t\t<\/div>\n\t\t\n<style>\n#col-1560918646 > .col-inner {\n  margin: 0px 0px 30px 0px;\n}\n<\/style>\n\t<\/div>\n\n\t\n<\/div>\n     <\/div>\n\n     <div class=\"loading-spin dark large centered\"><\/div>\n\n          <style>\n            #slider-1746783429 .flickity-slider > *{ max-width: 80%!important;\n     <\/style>\n     <\/div>\n\n\n\t\t<\/div>\n\n\t\t\n<style>\n#section_88865692 {\n  padding-top: 80px;\n  padding-bottom: 80px;\n  background-color: #f8981d;\n}\n<\/style>\n\t<\/section>\n\t\n","protected":false},"excerpt":{"rendered":"","protected":false},"author":1,"featured_media":0,"parent":0,"menu_order":0,"comment_status":"closed","ping_status":"closed","template":"page-blank.php","meta":{"footnotes":""},"class_list":["post-937","page","type-page","status-publish","hentry"],"yoast_head":"<!-- This site is optimized with the Yoast SEO plugin v27.3 - https:\/\/yoast.com\/product\/yoast-seo-wordpress\/ -->\n<title>Sobre nosotros - Connaxis Hosting<\/title>\n<meta name=\"robots\" content=\"index, follow, max-snippet:-1, max-image-preview:large, max-video-preview:-1\" \/>\n<link rel=\"canonical\" href=\"https:\/\/connaxis.hosting\/es\/sobre-nosotros\/\" \/>\n<meta property=\"og:locale\" content=\"es_ES\" \/>\n<meta property=\"og:type\" content=\"article\" \/>\n<meta property=\"og:title\" content=\"Sobre nosotros - Connaxis Hosting\" \/>\n<meta property=\"og:url\" content=\"https:\/\/connaxis.hosting\/es\/sobre-nosotros\/\" \/>\n<meta property=\"og:site_name\" content=\"Connaxis Hosting\" \/>\n<meta property=\"article:modified_time\" content=\"2019-05-20T14:04:37+00:00\" \/>\n<meta name=\"twitter:card\" content=\"summary_large_image\" \/>\n<meta name=\"twitter:label1\" content=\"Tiempo de lectura\" \/>\n\t<meta name=\"twitter:data1\" content=\"4 minutos\" \/>\n<script type=\"application\/ld+json\" class=\"yoast-schema-graph\">{\"@context\":\"https:\\\/\\\/schema.org\",\"@graph\":[{\"@type\":\"WebPage\",\"@id\":\"https:\\\/\\\/connaxis.hosting\\\/es\\\/sobre-nosotros\\\/\",\"url\":\"https:\\\/\\\/connaxis.hosting\\\/es\\\/sobre-nosotros\\\/\",\"name\":\"Sobre nosotros - Connaxis Hosting\",\"isPartOf\":{\"@id\":\"https:\\\/\\\/connaxis.hosting\\\/#website\"},\"datePublished\":\"2019-05-20T12:29:32+00:00\",\"dateModified\":\"2019-05-20T14:04:37+00:00\",\"breadcrumb\":{\"@id\":\"https:\\\/\\\/connaxis.hosting\\\/es\\\/sobre-nosotros\\\/#breadcrumb\"},\"inLanguage\":\"es\",\"potentialAction\":[{\"@type\":\"ReadAction\",\"target\":[\"https:\\\/\\\/connaxis.hosting\\\/es\\\/sobre-nosotros\\\/\"]}]},{\"@type\":\"BreadcrumbList\",\"@id\":\"https:\\\/\\\/connaxis.hosting\\\/es\\\/sobre-nosotros\\\/#breadcrumb\",\"itemListElement\":[{\"@type\":\"ListItem\",\"position\":1,\"name\":\"Home\",\"item\":\"https:\\\/\\\/connaxis.hosting\\\/es\\\/\"},{\"@type\":\"ListItem\",\"position\":2,\"name\":\"Sobre nosotros\"}]},{\"@type\":\"WebSite\",\"@id\":\"https:\\\/\\\/connaxis.hosting\\\/#website\",\"url\":\"https:\\\/\\\/connaxis.hosting\\\/\",\"name\":\"Connaxis Hosting\",\"description\":\"Your fast and reliable hosting partner\",\"potentialAction\":[{\"@type\":\"SearchAction\",\"target\":{\"@type\":\"EntryPoint\",\"urlTemplate\":\"https:\\\/\\\/connaxis.hosting\\\/?s={search_term_string}\"},\"query-input\":{\"@type\":\"PropertyValueSpecification\",\"valueRequired\":true,\"valueName\":\"search_term_string\"}}],\"inLanguage\":\"es\"}]}<\/script>\n<!-- \/ Yoast SEO plugin. -->","yoast_head_json":{"title":"Sobre nosotros - Connaxis Hosting","robots":{"index":"index","follow":"follow","max-snippet":"max-snippet:-1","max-image-preview":"max-image-preview:large","max-video-preview":"max-video-preview:-1"},"canonical":"https:\/\/connaxis.hosting\/es\/sobre-nosotros\/","og_locale":"es_ES","og_type":"article","og_title":"Sobre nosotros - Connaxis Hosting","og_url":"https:\/\/connaxis.hosting\/es\/sobre-nosotros\/","og_site_name":"Connaxis Hosting","article_modified_time":"2019-05-20T14:04:37+00:00","twitter_card":"summary_large_image","twitter_misc":{"Tiempo de lectura":"4 minutos"},"schema":{"@context":"https:\/\/schema.org","@graph":[{"@type":"WebPage","@id":"https:\/\/connaxis.hosting\/es\/sobre-nosotros\/","url":"https:\/\/connaxis.hosting\/es\/sobre-nosotros\/","name":"Sobre nosotros - Connaxis Hosting","isPartOf":{"@id":"https:\/\/connaxis.hosting\/#website"},"datePublished":"2019-05-20T12:29:32+00:00","dateModified":"2019-05-20T14:04:37+00:00","breadcrumb":{"@id":"https:\/\/connaxis.hosting\/es\/sobre-nosotros\/#breadcrumb"},"inLanguage":"es","potentialAction":[{"@type":"ReadAction","target":["https:\/\/connaxis.hosting\/es\/sobre-nosotros\/"]}]},{"@type":"BreadcrumbList","@id":"https:\/\/connaxis.hosting\/es\/sobre-nosotros\/#breadcrumb","itemListElement":[{"@type":"ListItem","position":1,"name":"Home","item":"https:\/\/connaxis.hosting\/es\/"},{"@type":"ListItem","position":2,"name":"Sobre nosotros"}]},{"@type":"WebSite","@id":"https:\/\/connaxis.hosting\/#website","url":"https:\/\/connaxis.hosting\/","name":"Connaxis Hosting","description":"Your fast and reliable hosting partner","potentialAction":[{"@type":"SearchAction","target":{"@type":"EntryPoint","urlTemplate":"https:\/\/connaxis.hosting\/?s={search_term_string}"},"query-input":{"@type":"PropertyValueSpecification","valueRequired":true,"valueName":"search_term_string"}}],"inLanguage":"es"}]}},"_links":{"self":[{"href":"https:\/\/connaxis.hosting\/es\/wp-json\/wp\/v2\/pages\/937","targetHints":{"allow":["GET"]}}],"collection":[{"href":"https:\/\/connaxis.hosting\/es\/wp-json\/wp\/v2\/pages"}],"about":[{"href":"https:\/\/connaxis.hosting\/es\/wp-json\/wp\/v2\/types\/page"}],"author":[{"embeddable":true,"href":"https:\/\/connaxis.hosting\/es\/wp-json\/wp\/v2\/users\/1"}],"replies":[{"embeddable":true,"href":"https:\/\/connaxis.hosting\/es\/wp-json\/wp\/v2\/comments?post=937"}],"version-history":[{"count":4,"href":"https:\/\/connaxis.hosting\/es\/wp-json\/wp\/v2\/pages\/937\/revisions"}],"predecessor-version":[{"id":1014,"href":"https:\/\/connaxis.hosting\/es\/wp-json\/wp\/v2\/pages\/937\/revisions\/1014"}],"wp:attachment":[{"href":"https:\/\/connaxis.hosting\/es\/wp-json\/wp\/v2\/media?parent=937"}],"curies":[{"name":"wp","href":"https:\/\/api.w.org\/{rel}","templated":true}]}}