{"id":941,"date":"2019-05-20T14:41:38","date_gmt":"2019-05-20T12:41:38","guid":{"rendered":"https:\/\/connaxis.hosting\/?page_id=941"},"modified":"2025-12-04T17:34:38","modified_gmt":"2025-12-04T16:34:38","slug":"alojamiento-compartido","status":"publish","type":"page","link":"https:\/\/connaxis.hosting\/es\/alojamiento-compartido\/","title":{"rendered":"Alojamiento compartido"},"content":{"rendered":"\t<section class=\"section\" id=\"section_720761277\">\n\t\t<div class=\"bg section-bg fill bg-fill bg-loaded \" >\n\n\t\t\t\n\t\t\t\n\t\t\t\n\n\t\t<\/div>\n\n\t\t<div class=\"section-content relative\">\n\t\t\t\n\t<div id=\"gap-1025874009\" class=\"gap-element clearfix\" style=\"display:block; height:auto;\">\n\t\t\n<style>\n#gap-1025874009 {\n  padding-top: 80px;\n}\n<\/style>\n\t<\/div>\n\t\n<div class=\"row\"  id=\"row-386249174\">\n\n\t<div id=\"col-555340968\" class=\"col medium-6 small-12 large-6\"  >\n\t\t<div class=\"col-inner\"  >\n\t\t\t\n\t\t\t\n<h1 class=\"subtitle\">Alojamiento compartido<\/h1>\n<h2 class=\"page-title\">Bajo costo y todo, incluyendo: dominio, correo electr\u00f3nico, estad\u00edsticas, wordpress y hosting<\/h2>\n<p>Desde \u20ac 5,7 al mes<\/p>\n<a href=\"#packages\" target=\"_self\" class=\"button primary\"  >\n    <span>Elige tu paquete<\/span>\n  <i class=\"icon-angle-down\" ><\/i><\/a>\n\n\t\t<\/div>\n\t\t\t<\/div>\n\n\t\n<\/div>\n\t\t<\/div>\n\n\t\t\n<style>\n#section_720761277 {\n  padding-top: 60px;\n  padding-bottom: 60px;\n  background-color: rgb(241, 242, 247);\n}\n#section_720761277 .section-bg.bg-loaded {\n  background-image: url(https:\/\/connaxis.hosting\/wp-content\/uploads\/2019\/03\/connaxis-hosting-fluid-shape-6.png);\n}\n#section_720761277 .section-bg {\n  background-position: 28% 50%;\n}\n<\/style>\n\t<\/section>\n\t\n\t<section class=\"section\" id=\"section_1225498823\">\n\t\t<div class=\"bg section-bg fill bg-fill bg-loaded bg-loaded\" >\n\n\t\t\t\n\t\t\t\n\t\t\t\n\n\t\t<\/div>\n\n\t\t<div class=\"section-content relative\">\n\t\t\t\n<div class=\"row align-center\"  id=\"row-1987214531\">\n\n\t<div id=\"col-1696697103\" class=\"col medium-7 small-12 large-7\"  >\n\t\t<div class=\"col-inner text-center\"  >\n\t\t\t\n\t\t\t\n<h2>Menos de 2000 visitantes por d\u00eda<\/h2>\n<p>El alojamiento compartido es para sitios web con menos de 2000 visitantes por d\u00eda. Su sitio estar\u00e1 en 1 servidor grande con todos los dem\u00e1s sitios web peque\u00f1os. Usted comparte el servidor y los costos y, por lo tanto, el precio es bajo.<\/p>\n\t<div id=\"gap-263066839\" class=\"gap-element clearfix\" style=\"display:block; height:auto;\">\n\t\t\n<style>\n#gap-263066839 {\n  padding-top: 30px;\n}\n<\/style>\n\t<\/div>\n\t\n\t\t<\/div>\n\t\t\t<\/div>\n\n\t\n<\/div>\n<div class=\"row align-center\"  id=\"row-69596220\">\n\n\t<div id=\"col-1872216257\" class=\"col medium-10 small-12 large-10\"  >\n\t\t<div class=\"col-inner\"  >\n\t\t\t\n\t\t\t\n\n  <div class=\"banner has-hover\" id=\"banner-1844617605\">\n          <div class=\"banner-inner fill\">\n        <div class=\"banner-bg fill\" >\n            <div class=\"bg fill bg-fill bg-loaded\"><\/div>\n                                    \n                    <\/div>\n        <div class=\"banner-layers container\">\n            <div class=\"fill banner-link\"><\/div>            \n   <div id=\"text-box-887045545\" class=\"text-box banner-layer x50 md-x50 lg-x50 y50 md-y50 lg-y50 res-text\">\n                                <div class=\"text dark\">\n              \n              <div class=\"text-inner text-center\">\n                  \n              <\/div>\n           <\/div>\n                            \n<style>\n#text-box-887045545 {\n  width: 60%;\n}\n#text-box-887045545 .text {\n  font-size: 100%;\n}\n@media (min-width:550px) {\n  #text-box-887045545 {\n    width: 60%;\n  }\n}\n<\/style>\n    <\/div>\n \n        <\/div>\n      <\/div>\n\n            \n<style>\n#banner-1844617605 {\n  padding-top: 56.25%;\n  background-color: rgb(255,255,255);\n}\n#banner-1844617605 .bg.bg-loaded {\n  background-image: url(https:\/\/connaxis.hosting\/wp-content\/uploads\/2019\/03\/connaxis-hosting-cpanel-mockup.jpg);\n}\n#banner-1844617605 .bg {\n  background-position: 23% 27%;\n}\n<\/style>\n  <\/div>\n\n\n\t<div id=\"gap-1883723736\" class=\"gap-element clearfix\" style=\"display:block; height:auto;\">\n\t\t\n<style>\n#gap-1883723736 {\n  padding-top: 30px;\n}\n<\/style>\n\t<\/div>\n\t\n<p>Al compartir el servidor y el software, tambi\u00e9n tiene acceso a todo tipo de extras \u00fatiles, como Cpanel, estad\u00edsticas, correo electr\u00f3nico, sistemas cms como WordPress, software de foros, etc. (consulte la lista completa a continuaci\u00f3n). En un servidor dedicado, VPS o en la nube debe tener todo esto instalado por separado o pagar extra por ello. Pero al compartir, comparte los gastos generales con los dem\u00e1s y, por lo tanto, se beneficia de la escala.<\/p>\n\t\t<\/div>\n\t\t\n<style>\n#col-1872216257 > .col-inner {\n  margin: 0px 0px -60px 0px;\n}\n<\/style>\n\t<\/div>\n\n\t\n<\/div>\n\t\t<\/div>\n\n\t\t\n<style>\n#section_1225498823 {\n  padding-top: 80px;\n  padding-bottom: 80px;\n}\n<\/style>\n\t<\/section>\n\t\n\t<section class=\"section\" id=\"section_677942653\">\n\t\t<div class=\"bg section-bg fill bg-fill bg-loaded bg-loaded\" >\n\n\t\t\t\n\t\t\t\n\t\t\t\n\n\t\t<\/div>\n\n\t\t<div class=\"section-content relative\">\n\t\t\t\n<div class=\"row\"  id=\"row-1068059280\">\n\n\t<div id=\"col-553617693\" class=\"col small-12 large-12\"  >\n\t\t<div class=\"col-inner text-center\"  >\n\t\t\t\n\t\t\t\n<h3>Beneficios del hosting compartido<\/h3>\n\t\t<\/div>\n\t\t\t<\/div>\n\n\t\n<\/div>\n<div class=\"row text-callout-frame-border\"  id=\"row-971929246\">\n\n\t<div id=\"col-1581462003\" class=\"col small-12 large-12\"  >\n\t\t<div class=\"col-inner\"  >\n\t\t\t\n\t\t\t\n<div class=\"row align-center\"  id=\"row-1732208085\">\n\n\t<div id=\"col-429070116\" class=\"col medium-10 small-10 large-10\"  >\n\t\t<div class=\"col-inner text-center\"  >\n\t\t\t\n\t\t\t\n\t<div id=\"gap-1631762777\" class=\"gap-element clearfix\" style=\"display:block; height:auto;\">\n\t\t\n<style>\n#gap-1631762777 {\n  padding-top: 5px;\n}\n<\/style>\n\t<\/div>\n\t\n<div class=\"row\"  id=\"row-1690571908\">\n\n\t<div id=\"col-1448376052\" class=\"col medium-6 small-12 large-6\"  >\n\t\t<div class=\"col-inner text-left\"  >\n\t\t\t\n\t\t\t\n<ul>\n<li>Desde 5 \u20ac al mes<\/li>\n<li>Bajos costos y todo incluido<\/li>\n<li>Dominio, correo electr\u00f3nico, estad\u00edsticas, base de datos, wordpress<\/li>\n<\/ul>\n\t\t<\/div>\n\t\t\t<\/div>\n\n\t\n\n\t<div id=\"col-917748629\" class=\"col medium-6 small-12 large-6\"  >\n\t\t<div class=\"col-inner text-left\"  >\n\t\t\t\n\t\t\t\n<ul>\n<li>Para sitios web con &lt;2000 visitantes al d\u00eda<\/li>\n<li>Ayuda gratuita con las migraciones a nosotros<\/li>\n<li>WordPress, Cakephp, Drupal, Joomla, Ruby &#8230;<\/li>\n<\/ul>\n\t\t<\/div>\n\t\t\t<\/div>\n\n\t\n<\/div>\n\t\t<\/div>\n\t\t\n<style>\n#col-429070116 > .col-inner {\n  padding: 40px 0px 10px 0px;\n  margin: 0px 0px -20px 0px;\n}\n<\/style>\n\t<\/div>\n\n\t\n<\/div>\n\t\t<\/div>\n\t\t\n<style>\n#col-1581462003 > .col-inner {\n  margin: 0px 0px -50px 0px;\n}\n<\/style>\n\t<\/div>\n\n\t\n<\/div>\n\t\t<\/div>\n\n\t\t\n<style>\n#section_677942653 {\n  padding-top: 0px;\n  padding-bottom: 0px;\n}\n<\/style>\n\t<\/section>\n\t\n<span class=\"scroll-to\" data-label=\"Scroll to: #packages\" data-bullet=\"false\" data-link=\"#packages\" data-title=\"packages\"><a name=\"packages\"><\/a><\/span>\n\t<section class=\"section section-pricing\" id=\"section_980505184\">\n\t\t<div class=\"bg section-bg fill bg-fill bg-loaded bg-loaded\" >\n\n\t\t\t\n\t\t\t\n\t\t\t\n\n\t\t<\/div>\n\n\t\t<div class=\"section-content relative\">\n\t\t\t\n<div class=\"row row-large\"  id=\"row-1947419937\">\n\n\t<div id=\"col-1643214983\" class=\"col medium-6 small-6 large-3\"  >\n\t\t<div class=\"col-inner\"  >\n\t\t\t\n\t\t\t\n<h4>Mini<\/h4>\n<h2>\u20ac5,7<\/h2>\n<p class=\"pricing-details\">Mensual excluyendo 21% de IVA<\/p>\n<ul>\n<li>10GB Espacio en disco<\/li>\n<li>50GB Tr\u00e1fico de datos<\/li>\n<li>5 cuentas de correo<\/li>\n<li>&lt; 500 visitas por d\u00eda<\/li>\n<li>1 base de datos<\/li>\n<li>0 listas de correo<\/li>\n<\/ul>\n<p class=\"pricing-extra\">Incluye: SSL, Administrador de DNS, Cpanel, Protecci\u00f3n de fuerza bruta, Antispam, Cortafuegos, Litespeed Webserver, Compresi\u00f3n Gzip, Copias de seguridad diarias, Monitoreo compartido<\/p>\n<a href=\"#cta-popup\" target=\"_self\" class=\"button primary is-link\"  >\n    <span>Consigue alojamiento compartido<\/span>\n  <i class=\"icon-angle-right\" ><\/i><\/a>\n\n\t\t<\/div>\n\t\t\t<\/div>\n\n\t\n\n\t<div id=\"col-471543313\" class=\"col medium-6 small-6 large-3\"  >\n\t\t<div class=\"col-inner\"  >\n\t\t\t\n\t\t\t\n<h4>Small<\/h4>\n<h2>\u20ac11,4<\/h2>\n<p class=\"pricing-details\">Mensual excluyendo 21% de IVA<\/p>\n<ul>\n<li>25GB Espacio en disco<\/li>\n<li>100GB Tr\u00e1fico de datos<\/li>\n<li>10 cuentas de correo<\/li>\n<li>&lt; 1000 visitas por d\u00eda<\/li>\n<li>1 base de datos<\/li>\n<li>1 lista de correo<\/li>\n<\/ul>\n<p class=\"pricing-extra\">Incluye: SSL, Administrador de DNS, Cpanel, Protecci\u00f3n de fuerza bruta, Antispam, Cortafuegos, Litespeed Webserver, Compresi\u00f3n Gzip, Copias de seguridad diarias, Monitoreo compartido<\/p>\n<a href=\"#cta-popup\" target=\"_self\" class=\"button primary is-link\"  >\n    <span>Consigue alojamiento compartido<\/span>\n  <i class=\"icon-angle-right\" ><\/i><\/a>\n\n\t\t<\/div>\n\t\t\t<\/div>\n\n\t\n\n\t<div id=\"col-1065338871\" class=\"col medium-6 small-6 large-3\"  >\n\t\t<div class=\"col-inner\"  >\n\t\t\t\n\t\t\t\n<h4>Medium<\/h4>\n<h2>\u20ac22,8<\/h2>\n<p class=\"pricing-details\">Mensual excluyendo 21% de IVA<\/p>\n<ul>\n<li>50GB Espacio en disco<\/li>\n<li>500GB Tr\u00e1fico de datos<\/li>\n<li>50 cuentas de correo<\/li>\n<li>&lt; 2000 visitas por d\u00eda<\/li>\n<li>5 base de datos<\/li>\n<li>5 listas de correo<\/li>\n<\/ul>\n<p class=\"pricing-extra\">Incluye: SSL, Administrador de DNS, Cpanel, Protecci\u00f3n de fuerza bruta, Antispam, Cortafuegos, Litespeed Webserver, Compresi\u00f3n Gzip, Copias de seguridad diarias, Monitoreo compartido<\/p>\n<a href=\"#cta-popup\" target=\"_self\" class=\"button primary is-link\"  >\n    <span>Consigue alojamiento compartido<\/span>\n  <i class=\"icon-angle-right\" ><\/i><\/a>\n\n\t\t<\/div>\n\t\t\t<\/div>\n\n\t\n\n\t<div id=\"col-2005776128\" class=\"col medium-6 small-6 large-3\"  >\n\t\t<div class=\"col-inner\"  >\n\t\t\t\n\t\t\t\n<h4>Large<\/h4>\n<h2>\u20ac34,2<\/h2>\n<p class=\"pricing-details\">Mensual excluyendo 21% de IVA<\/p>\n<ul>\n<li>100GB Espacio en disco<\/li>\n<li>1TB Tr\u00e1fico de datos<\/li>\n<li>250 cuentas de correo<\/li>\n<li>&lt; 3000 visitas por d\u00eda<\/li>\n<li>10 base de datos<\/li>\n<li>10 listas de correo<\/li>\n<\/ul>\n<p class=\"pricing-extra\">Incluye: SSL, Administrador de DNS, Cpanel, Protecci\u00f3n de fuerza bruta, Antispam, Cortafuegos, Litespeed Webserver, Compresi\u00f3n Gzip, Copias de seguridad diarias, Monitoreo compartido<\/p>\n<a href=\"#cta-popup\" target=\"_self\" class=\"button primary is-link\"  >\n    <span>Consigue alojamiento compartido<\/span>\n  <i class=\"icon-angle-right\" ><\/i><\/a>\n\n\t\t<\/div>\n\t\t\t<\/div>\n\n\t\n<\/div>\n\t\t<\/div>\n\n\t\t\n<style>\n#section_980505184 {\n  padding-top: 80px;\n  padding-bottom: 80px;\n}\n<\/style>\n\t<\/section>\n\t\n\t<section class=\"section\" id=\"section_717269763\">\n\t\t<div class=\"bg section-bg fill bg-fill bg-loaded bg-loaded\" >\n\n\t\t\t\n\t\t\t\n\t\t\t\n\n\t\t<\/div>\n\n\t\t<div class=\"section-content relative\">\n\t\t\t\n<div class=\"row\"  id=\"row-1420465091\">\n\n\t<div id=\"col-1629149707\" class=\"col small-12 large-12\"  >\n\t\t<div class=\"col-inner text-center\"  >\n\t\t\t\n\t\t\t\n  <div class=\"icon-box testimonial-box icon-box-center text-center\">\n                <div class=\"icon-box-img testimonial-image circle\" style=\"width: 120px\">\n              <img loading=\"lazy\" decoding=\"async\" width=\"235\" height=\"235\" src=\"https:\/\/connaxis.hosting\/wp-content\/uploads\/2019\/03\/connaxis-hosting-shared-cta.jpg\" class=\"attachment-thumbnail size-thumbnail\" alt=\"\" \/>        <\/div>\n                <div class=\"icon-box-text p-last-0\">\n            \t\t\t\t<div class=\"testimonial-text line-height-small italic test_text first-reset last-reset is-italic\">\n            \n\t<div id=\"gap-984188652\" class=\"gap-element clearfix\" style=\"display:block; height:auto;\">\n\t\t\n<style>\n#gap-984188652 {\n  padding-top: 0px;\n}\n<\/style>\n\t<\/div>\n\t\n          <\/div>\n          <div class=\"testimonial-meta pt-half\">\n             <strong class=\"testimonial-name test_name\"><\/strong>\n                          <span class=\"testimonial-company test_company\"><\/span>\n          <\/div>\n        <\/div>\n  <\/div>\n\n  \n<h5>\u00bfListo para gobernar la galaxia?<\/h5>\n<h2>Consigue alojamiento compartido<\/h2>\n<a href=\"#cta-popup\" target=\"_self\" class=\"button primary\"  >\n    <span>Contacto<\/span>\n  <i class=\"icon-angle-right\" ><\/i><\/a>\n\n\t\t<\/div>\n\t\t\n<style>\n#col-1629149707 > .col-inner {\n  margin: -80px 0px 0px 0px;\n}\n<\/style>\n\t<\/div>\n\n\t\n<\/div>\n\t<div id=\"gap-1368801869\" class=\"gap-element clearfix\" style=\"display:block; height:auto;\">\n\t\t\n<style>\n#gap-1368801869 {\n  padding-top: 30px;\n}\n<\/style>\n\t<\/div>\n\t\n\t\t<\/div>\n\n\t\t\n<style>\n#section_717269763 {\n  padding-top: 30px;\n  padding-bottom: 30px;\n  background-color: rgb(241, 242, 247);\n}\n<\/style>\n\t<\/section>\n\t\n<h4><\/h4>\n","protected":false},"excerpt":{"rendered":"","protected":false},"author":1,"featured_media":0,"parent":0,"menu_order":0,"comment_status":"closed","ping_status":"closed","template":"page-blank.php","meta":{"footnotes":""},"class_list":["post-941","page","type-page","status-publish","hentry"],"yoast_head":"<!-- This site is optimized with the Yoast SEO plugin v27.3 - https:\/\/yoast.com\/product\/yoast-seo-wordpress\/ -->\n<title>Alojamiento compartido - Connaxis Hosting<\/title>\n<meta name=\"robots\" content=\"index, follow, max-snippet:-1, max-image-preview:large, max-video-preview:-1\" \/>\n<link rel=\"canonical\" href=\"https:\/\/connaxis.hosting\/es\/alojamiento-compartido\/\" \/>\n<meta property=\"og:locale\" content=\"es_ES\" \/>\n<meta property=\"og:type\" content=\"article\" \/>\n<meta property=\"og:title\" content=\"Alojamiento compartido - Connaxis Hosting\" \/>\n<meta property=\"og:url\" content=\"https:\/\/connaxis.hosting\/es\/alojamiento-compartido\/\" \/>\n<meta property=\"og:site_name\" content=\"Connaxis Hosting\" \/>\n<meta property=\"article:modified_time\" content=\"2025-12-04T16:34:38+00:00\" \/>\n<meta name=\"twitter:card\" content=\"summary_large_image\" \/>\n<meta name=\"twitter:label1\" content=\"Tiempo de lectura\" \/>\n\t<meta name=\"twitter:data1\" content=\"3 minutos\" \/>\n<script type=\"application\/ld+json\" class=\"yoast-schema-graph\">{\"@context\":\"https:\\\/\\\/schema.org\",\"@graph\":[{\"@type\":\"WebPage\",\"@id\":\"https:\\\/\\\/connaxis.hosting\\\/es\\\/alojamiento-compartido\\\/\",\"url\":\"https:\\\/\\\/connaxis.hosting\\\/es\\\/alojamiento-compartido\\\/\",\"name\":\"Alojamiento compartido - Connaxis Hosting\",\"isPartOf\":{\"@id\":\"https:\\\/\\\/connaxis.hosting\\\/#website\"},\"datePublished\":\"2019-05-20T12:41:38+00:00\",\"dateModified\":\"2025-12-04T16:34:38+00:00\",\"breadcrumb\":{\"@id\":\"https:\\\/\\\/connaxis.hosting\\\/es\\\/alojamiento-compartido\\\/#breadcrumb\"},\"inLanguage\":\"es\",\"potentialAction\":[{\"@type\":\"ReadAction\",\"target\":[\"https:\\\/\\\/connaxis.hosting\\\/es\\\/alojamiento-compartido\\\/\"]}]},{\"@type\":\"BreadcrumbList\",\"@id\":\"https:\\\/\\\/connaxis.hosting\\\/es\\\/alojamiento-compartido\\\/#breadcrumb\",\"itemListElement\":[{\"@type\":\"ListItem\",\"position\":1,\"name\":\"Home\",\"item\":\"https:\\\/\\\/connaxis.hosting\\\/es\\\/\"},{\"@type\":\"ListItem\",\"position\":2,\"name\":\"Alojamiento compartido\"}]},{\"@type\":\"WebSite\",\"@id\":\"https:\\\/\\\/connaxis.hosting\\\/#website\",\"url\":\"https:\\\/\\\/connaxis.hosting\\\/\",\"name\":\"Connaxis Hosting\",\"description\":\"Your fast and reliable hosting partner\",\"potentialAction\":[{\"@type\":\"SearchAction\",\"target\":{\"@type\":\"EntryPoint\",\"urlTemplate\":\"https:\\\/\\\/connaxis.hosting\\\/?s={search_term_string}\"},\"query-input\":{\"@type\":\"PropertyValueSpecification\",\"valueRequired\":true,\"valueName\":\"search_term_string\"}}],\"inLanguage\":\"es\"}]}<\/script>\n<!-- \/ Yoast SEO plugin. -->","yoast_head_json":{"title":"Alojamiento compartido - Connaxis Hosting","robots":{"index":"index","follow":"follow","max-snippet":"max-snippet:-1","max-image-preview":"max-image-preview:large","max-video-preview":"max-video-preview:-1"},"canonical":"https:\/\/connaxis.hosting\/es\/alojamiento-compartido\/","og_locale":"es_ES","og_type":"article","og_title":"Alojamiento compartido - Connaxis Hosting","og_url":"https:\/\/connaxis.hosting\/es\/alojamiento-compartido\/","og_site_name":"Connaxis Hosting","article_modified_time":"2025-12-04T16:34:38+00:00","twitter_card":"summary_large_image","twitter_misc":{"Tiempo de lectura":"3 minutos"},"schema":{"@context":"https:\/\/schema.org","@graph":[{"@type":"WebPage","@id":"https:\/\/connaxis.hosting\/es\/alojamiento-compartido\/","url":"https:\/\/connaxis.hosting\/es\/alojamiento-compartido\/","name":"Alojamiento compartido - Connaxis Hosting","isPartOf":{"@id":"https:\/\/connaxis.hosting\/#website"},"datePublished":"2019-05-20T12:41:38+00:00","dateModified":"2025-12-04T16:34:38+00:00","breadcrumb":{"@id":"https:\/\/connaxis.hosting\/es\/alojamiento-compartido\/#breadcrumb"},"inLanguage":"es","potentialAction":[{"@type":"ReadAction","target":["https:\/\/connaxis.hosting\/es\/alojamiento-compartido\/"]}]},{"@type":"BreadcrumbList","@id":"https:\/\/connaxis.hosting\/es\/alojamiento-compartido\/#breadcrumb","itemListElement":[{"@type":"ListItem","position":1,"name":"Home","item":"https:\/\/connaxis.hosting\/es\/"},{"@type":"ListItem","position":2,"name":"Alojamiento compartido"}]},{"@type":"WebSite","@id":"https:\/\/connaxis.hosting\/#website","url":"https:\/\/connaxis.hosting\/","name":"Connaxis Hosting","description":"Your fast and reliable hosting partner","potentialAction":[{"@type":"SearchAction","target":{"@type":"EntryPoint","urlTemplate":"https:\/\/connaxis.hosting\/?s={search_term_string}"},"query-input":{"@type":"PropertyValueSpecification","valueRequired":true,"valueName":"search_term_string"}}],"inLanguage":"es"}]}},"_links":{"self":[{"href":"https:\/\/connaxis.hosting\/es\/wp-json\/wp\/v2\/pages\/941","targetHints":{"allow":["GET"]}}],"collection":[{"href":"https:\/\/connaxis.hosting\/es\/wp-json\/wp\/v2\/pages"}],"about":[{"href":"https:\/\/connaxis.hosting\/es\/wp-json\/wp\/v2\/types\/page"}],"author":[{"embeddable":true,"href":"https:\/\/connaxis.hosting\/es\/wp-json\/wp\/v2\/users\/1"}],"replies":[{"embeddable":true,"href":"https:\/\/connaxis.hosting\/es\/wp-json\/wp\/v2\/comments?post=941"}],"version-history":[{"count":8,"href":"https:\/\/connaxis.hosting\/es\/wp-json\/wp\/v2\/pages\/941\/revisions"}],"predecessor-version":[{"id":1542,"href":"https:\/\/connaxis.hosting\/es\/wp-json\/wp\/v2\/pages\/941\/revisions\/1542"}],"wp:attachment":[{"href":"https:\/\/connaxis.hosting\/es\/wp-json\/wp\/v2\/media?parent=941"}],"curies":[{"name":"wp","href":"https:\/\/api.w.org\/{rel}","templated":true}]}}