{"id":943,"date":"2019-05-20T14:45:22","date_gmt":"2019-05-20T12:45:22","guid":{"rendered":"https:\/\/connaxis.hosting\/?page_id=943"},"modified":"2019-05-20T14:45:22","modified_gmt":"2019-05-20T12:45:22","slug":"office-365","status":"publish","type":"page","link":"https:\/\/connaxis.hosting\/es\/office-365\/","title":{"rendered":"Office 365"},"content":{"rendered":"\t<section class=\"section\" id=\"section_815766836\">\n\t\t<div class=\"bg section-bg fill bg-fill bg-loaded \" >\n\n\t\t\t\n\t\t\t\n\t\t\t\n\n\t\t<\/div>\n\n\t\t<div class=\"section-content relative\">\n\t\t\t\n\t<div id=\"gap-1071624179\" class=\"gap-element clearfix\" style=\"display:block; height:auto;\">\n\t\t\n<style>\n#gap-1071624179 {\n  padding-top: 80px;\n}\n<\/style>\n\t<\/div>\n\t\n<div class=\"row\"  id=\"row-1678713823\">\n\n\t<div id=\"col-915160545\" class=\"col medium-6 small-12 large-6\"  >\n\t\t<div class=\"col-inner\"  >\n\t\t\t\n\t\t\t\n<h1 class=\"subtitle\">Office 365<\/h1>\n<h2 class=\"page-title\">Microsoft\u2019s office en la nube<\/h2>\n<p>Outlook y todas las programmas Office en la nube<\/p>\n<a rel=\"noopener noreferrer\" href=\"#cta-popup\" target=\"_blank\" class=\"button primary\"  >\n    <span>Contacto op<\/span>\n  <\/a>\n\n\t\t<\/div>\n\t\t\t<\/div>\n\n\t\n<\/div>\n\t\t<\/div>\n\n\t\t\n<style>\n#section_815766836 {\n  padding-top: 60px;\n  padding-bottom: 60px;\n  background-color: rgb(241, 242, 247);\n}\n#section_815766836 .section-bg.bg-loaded {\n  background-image: url(https:\/\/connaxis.hosting\/wp-content\/uploads\/2019\/04\/connaxis-hosting-fluid-shape-13.png);\n}\n#section_815766836 .section-bg {\n  background-position: 28% 50%;\n}\n<\/style>\n\t<\/section>\n\t\n\t<section class=\"section\" id=\"section_355228487\">\n\t\t<div class=\"bg section-bg fill bg-fill bg-loaded bg-loaded\" >\n\n\t\t\t\n\t\t\t\n\t\t\t\n\n\t\t<\/div>\n\n\t\t<div class=\"section-content relative\">\n\t\t\t\n<div class=\"row align-center\"  id=\"row-1843887398\">\n\n\t<div id=\"col-1422592083\" class=\"col medium-7 small-12 large-7\"  >\n\t\t<div class=\"col-inner text-center\"  >\n\t\t\t\n\t\t\t\n<h2>Office 365<\/h2>\n<p>Al igual que Google Apps, Microsoft ofrece en la actualidad todas las aplicaciones de oficina en la nube. Es muy \u00fatil que siempre pueda acceder a todos sus documentos, correos, contactos, etc. Ya no importa d\u00f3nde se encuentre o con qu\u00e9 dispositivo se conecte. En vacaciones con su tel\u00e9fono m\u00f3vil, puede ver los mismos correos electr\u00f3nicos y documentos que tiene en su PC en casa o en el trabajo. Ya no tiene que preocuparse por las copias de seguridad. Si su PC se bloquea o se reemplaza, no perder\u00e1 un solo bit de datos. Todo est\u00e1 en la nube. Trabajar con su equipo tambi\u00e9n se ha vuelto m\u00e1s eficiente. Todo se puede compartir, puede trabajar en documentos al mismo tiempo, ver los cambios de cada uno y revertir. Y para que no todos tengan que estar en la misma oficina. Todos pueden acceder a todo desde su propio lugar de trabajo.<\/p>\n\t<div id=\"gap-575073394\" class=\"gap-element clearfix\" style=\"display:block; height:auto;\">\n\t\t\n<style>\n#gap-575073394 {\n  padding-top: 30px;\n}\n<\/style>\n\t<\/div>\n\t\n\t\t<\/div>\n\t\t\t<\/div>\n\n\t\n<\/div>\n<div class=\"row align-center\"  id=\"row-130817731\">\n\n\t<div id=\"col-1190672268\" class=\"col medium-10 small-12 large-10\"  >\n\t\t<div class=\"col-inner\"  >\n\t\t\t\n\t\t\t\n\n  <div class=\"banner has-hover\" id=\"banner-1164406579\">\n          <div class=\"banner-inner fill\">\n        <div class=\"banner-bg fill\" >\n            <div class=\"bg fill bg-fill bg-loaded\"><\/div>\n                                    \n                    <\/div>\n        <div class=\"banner-layers container\">\n            <div class=\"fill banner-link\"><\/div>            \n   <div id=\"text-box-311081224\" class=\"text-box banner-layer x50 md-x50 lg-x50 y50 md-y50 lg-y50 res-text\">\n                                <div class=\"text dark\">\n              \n              <div class=\"text-inner text-center\">\n                  \n              <\/div>\n           <\/div>\n                            \n<style>\n#text-box-311081224 {\n  width: 60%;\n}\n#text-box-311081224 .text {\n  font-size: 100%;\n}\n@media (min-width:550px) {\n  #text-box-311081224 {\n    width: 60%;\n  }\n}\n<\/style>\n    <\/div>\n \n        <\/div>\n      <\/div>\n\n            \n<style>\n#banner-1164406579 {\n  padding-top: 56.25%;\n  background-color: rgb(255,255,255);\n}\n#banner-1164406579 .bg.bg-loaded {\n  background-image: url(https:\/\/connaxis.hosting\/wp-content\/uploads\/2019\/04\/Office-365-logo.png);\n}\n#banner-1164406579 .bg {\n  background-position: 50% 50%;\n}\n<\/style>\n  <\/div>\n\n\n\t<div id=\"gap-1105830256\" class=\"gap-element clearfix\" style=\"display:block; height:auto;\">\n\t\t\n<style>\n#gap-1105830256 {\n  padding-top: 30px;\n}\n<\/style>\n\t<\/div>\n\t\n\t\t<\/div>\n\t\t\n<style>\n#col-1190672268 > .col-inner {\n  margin: 0px 0px -60px 0px;\n}\n<\/style>\n\t<\/div>\n\n\t\n<\/div>\n\t\t<\/div>\n\n\t\t\n<style>\n#section_355228487 {\n  padding-top: 80px;\n  padding-bottom: 80px;\n}\n<\/style>\n\t<\/section>\n\t\n\t<section class=\"section\" id=\"section_2047712596\">\n\t\t<div class=\"bg section-bg fill bg-fill bg-loaded bg-loaded\" >\n\n\t\t\t\n\t\t\t\n\t\t\t\n\n\t\t<\/div>\n\n\t\t<div class=\"section-content relative\">\n\t\t\t\n<div class=\"row\"  id=\"row-1362420757\">\n\n\t<div id=\"col-1655494911\" class=\"col small-12 large-12\"  >\n\t\t<div class=\"col-inner text-center\"  >\n\t\t\t\n\t\t\t\n<h3>Office 365 en breve<\/h3>\n\t\t<\/div>\n\t\t\t<\/div>\n\n\t\n<\/div>\n<div class=\"row text-callout-frame-border\"  id=\"row-1736396292\">\n\n\t<div id=\"col-701919964\" class=\"col small-12 large-12\"  >\n\t\t<div class=\"col-inner\"  >\n\t\t\t\n\t\t\t\n<div class=\"row align-center\"  id=\"row-419818767\">\n\n\t<div id=\"col-1759312533\" class=\"col medium-10 small-10 large-10\"  >\n\t\t<div class=\"col-inner text-center\"  >\n\t\t\t\n\t\t\t\n\t<div id=\"gap-561506686\" class=\"gap-element clearfix\" style=\"display:block; height:auto;\">\n\t\t\n<style>\n#gap-561506686 {\n  padding-top: 5px;\n}\n<\/style>\n\t<\/div>\n\t\n<div class=\"row\"  id=\"row-1492450819\">\n\n\t<div id=\"col-2030547436\" class=\"col medium-6 small-12 large-6\"  >\n\t\t<div class=\"col-inner text-left\"  >\n\t\t\t\n\t\t\t\n<ul>\n<li>Todos los programas de oficina disponibles v\u00eda web<\/li>\n<li>Usa tus documentos en tu escritorio, tableta o m\u00f3vil<\/li>\n<\/ul>\n\t\t<\/div>\n\t\t\t<\/div>\n\n\t\n\n\t<div id=\"col-929449443\" class=\"col medium-6 small-12 large-6\"  >\n\t\t<div class=\"col-inner text-left\"  >\n\t\t\t\n\t\t\t\n<ul>\n<li>Siempre seguro y una copia de seguridad en la nube<\/li>\n<li>Puedes compartir f\u00e1cilmente documentos, correos electr\u00f3nicos, calendarios y contactos<\/li>\n<\/ul>\n\t\t<\/div>\n\t\t\t<\/div>\n\n\t\n<\/div>\n\t\t<\/div>\n\t\t\n<style>\n#col-1759312533 > .col-inner {\n  padding: 40px 0px 10px 0px;\n  margin: 0px 0px -20px 0px;\n}\n<\/style>\n\t<\/div>\n\n\t\n<\/div>\n\t\t<\/div>\n\t\t\n<style>\n#col-701919964 > .col-inner {\n  margin: 0px 0px -50px 0px;\n}\n<\/style>\n\t<\/div>\n\n\t\n<\/div>\n\t\t<\/div>\n\n\t\t\n<style>\n#section_2047712596 {\n  padding-top: 0px;\n  padding-bottom: 0px;\n}\n<\/style>\n\t<\/section>\n\t\n\t<div id=\"gap-453911638\" class=\"gap-element clearfix\" style=\"display:block; height:auto;\">\n\t\t\n<style>\n#gap-453911638 {\n  padding-top: 80px;\n}\n<\/style>\n\t<\/div>\n\t\n\t<section class=\"section\" id=\"section_653998429\">\n\t\t<div class=\"bg section-bg fill bg-fill bg-loaded bg-loaded\" >\n\n\t\t\t\n\t\t\t\n\t\t\t\n\n\t\t<\/div>\n\n\t\t<div class=\"section-content relative\">\n\t\t\t\n<div class=\"row\"  id=\"row-1042386160\">\n\n\t<div id=\"col-1119493980\" class=\"col small-12 large-12\"  >\n\t\t<div class=\"col-inner text-center\"  >\n\t\t\t\n\t\t\t\n  <div class=\"icon-box testimonial-box icon-box-center text-center\">\n                <div class=\"icon-box-img testimonial-image circle\" style=\"width: 120px\">\n              <img loading=\"lazy\" decoding=\"async\" width=\"500\" height=\"500\" src=\"https:\/\/connaxis.hosting\/wp-content\/uploads\/2019\/03\/google-apps-cta-connaxis-hosting.jpg\" class=\"attachment-thumbnail size-thumbnail\" alt=\"\" \/>        <\/div>\n                <div class=\"icon-box-text p-last-0\">\n            \t\t\t\t<div class=\"testimonial-text line-height-small italic test_text first-reset last-reset is-italic\">\n            \n\t<div id=\"gap-1428783439\" class=\"gap-element clearfix\" style=\"display:block; height:auto;\">\n\t\t\n<style>\n#gap-1428783439 {\n  padding-top: 0px;\n}\n<\/style>\n\t<\/div>\n\t\n          <\/div>\n          <div class=\"testimonial-meta pt-half\">\n             <strong class=\"testimonial-name test_name\"><\/strong>\n                          <span class=\"testimonial-company test_company\"><\/span>\n          <\/div>\n        <\/div>\n  <\/div>\n\n  \n<h5>Simplificeer je online manier van werken<\/h5>\n<h2>Neem nu Office 365<\/h2>\n<a href=\"#cta-popup\" target=\"_self\" class=\"button primary\"  >\n    <span>Yess! Let's simplify<\/span>\n  <i class=\"icon-angle-right\" ><\/i><\/a>\n\n\t\t<\/div>\n\t\t\n<style>\n#col-1119493980 > .col-inner {\n  margin: -80px 0px 0px 0px;\n}\n<\/style>\n\t<\/div>\n\n\t\n<\/div>\n\t<div id=\"gap-822607461\" class=\"gap-element clearfix\" style=\"display:block; height:auto;\">\n\t\t\n<style>\n#gap-822607461 {\n  padding-top: 30px;\n}\n<\/style>\n\t<\/div>\n\t\n\t\t<\/div>\n\n\t\t\n<style>\n#section_653998429 {\n  padding-top: 30px;\n  padding-bottom: 30px;\n  background-color: rgb(241, 242, 247);\n}\n<\/style>\n\t<\/section>\n\t\n","protected":false},"excerpt":{"rendered":"","protected":false},"author":1,"featured_media":0,"parent":0,"menu_order":0,"comment_status":"closed","ping_status":"closed","template":"page-blank.php","meta":{"footnotes":""},"class_list":["post-943","page","type-page","status-publish","hentry"],"yoast_head":"<!-- This site is optimized with the Yoast SEO plugin v27.4 - https:\/\/yoast.com\/product\/yoast-seo-wordpress\/ -->\n<title>Office 365 - Connaxis Hosting<\/title>\n<meta name=\"robots\" content=\"index, follow, max-snippet:-1, max-image-preview:large, max-video-preview:-1\" \/>\n<link rel=\"canonical\" href=\"https:\/\/connaxis.hosting\/es\/office-365\/\" \/>\n<meta property=\"og:locale\" content=\"es_ES\" \/>\n<meta property=\"og:type\" content=\"article\" \/>\n<meta property=\"og:title\" content=\"Office 365 - Connaxis Hosting\" \/>\n<meta property=\"og:url\" content=\"https:\/\/connaxis.hosting\/es\/office-365\/\" \/>\n<meta property=\"og:site_name\" content=\"Connaxis Hosting\" \/>\n<meta name=\"twitter:card\" content=\"summary_large_image\" \/>\n<meta name=\"twitter:label1\" content=\"Tiempo de lectura\" \/>\n\t<meta name=\"twitter:data1\" content=\"2 minutos\" \/>\n<script type=\"application\/ld+json\" class=\"yoast-schema-graph\">{\"@context\":\"https:\\\/\\\/schema.org\",\"@graph\":[{\"@type\":\"WebPage\",\"@id\":\"https:\\\/\\\/connaxis.hosting\\\/es\\\/office-365\\\/\",\"url\":\"https:\\\/\\\/connaxis.hosting\\\/es\\\/office-365\\\/\",\"name\":\"Office 365 - Connaxis Hosting\",\"isPartOf\":{\"@id\":\"https:\\\/\\\/connaxis.hosting\\\/#website\"},\"datePublished\":\"2019-05-20T12:45:22+00:00\",\"breadcrumb\":{\"@id\":\"https:\\\/\\\/connaxis.hosting\\\/es\\\/office-365\\\/#breadcrumb\"},\"inLanguage\":\"es\",\"potentialAction\":[{\"@type\":\"ReadAction\",\"target\":[\"https:\\\/\\\/connaxis.hosting\\\/es\\\/office-365\\\/\"]}]},{\"@type\":\"BreadcrumbList\",\"@id\":\"https:\\\/\\\/connaxis.hosting\\\/es\\\/office-365\\\/#breadcrumb\",\"itemListElement\":[{\"@type\":\"ListItem\",\"position\":1,\"name\":\"Home\",\"item\":\"https:\\\/\\\/connaxis.hosting\\\/es\\\/\"},{\"@type\":\"ListItem\",\"position\":2,\"name\":\"Office 365\"}]},{\"@type\":\"WebSite\",\"@id\":\"https:\\\/\\\/connaxis.hosting\\\/#website\",\"url\":\"https:\\\/\\\/connaxis.hosting\\\/\",\"name\":\"Connaxis Hosting\",\"description\":\"Your fast and reliable hosting partner\",\"potentialAction\":[{\"@type\":\"SearchAction\",\"target\":{\"@type\":\"EntryPoint\",\"urlTemplate\":\"https:\\\/\\\/connaxis.hosting\\\/?s={search_term_string}\"},\"query-input\":{\"@type\":\"PropertyValueSpecification\",\"valueRequired\":true,\"valueName\":\"search_term_string\"}}],\"inLanguage\":\"es\"}]}<\/script>\n<!-- \/ Yoast SEO plugin. -->","yoast_head_json":{"title":"Office 365 - Connaxis Hosting","robots":{"index":"index","follow":"follow","max-snippet":"max-snippet:-1","max-image-preview":"max-image-preview:large","max-video-preview":"max-video-preview:-1"},"canonical":"https:\/\/connaxis.hosting\/es\/office-365\/","og_locale":"es_ES","og_type":"article","og_title":"Office 365 - Connaxis Hosting","og_url":"https:\/\/connaxis.hosting\/es\/office-365\/","og_site_name":"Connaxis Hosting","twitter_card":"summary_large_image","twitter_misc":{"Tiempo de lectura":"2 minutos"},"schema":{"@context":"https:\/\/schema.org","@graph":[{"@type":"WebPage","@id":"https:\/\/connaxis.hosting\/es\/office-365\/","url":"https:\/\/connaxis.hosting\/es\/office-365\/","name":"Office 365 - Connaxis Hosting","isPartOf":{"@id":"https:\/\/connaxis.hosting\/#website"},"datePublished":"2019-05-20T12:45:22+00:00","breadcrumb":{"@id":"https:\/\/connaxis.hosting\/es\/office-365\/#breadcrumb"},"inLanguage":"es","potentialAction":[{"@type":"ReadAction","target":["https:\/\/connaxis.hosting\/es\/office-365\/"]}]},{"@type":"BreadcrumbList","@id":"https:\/\/connaxis.hosting\/es\/office-365\/#breadcrumb","itemListElement":[{"@type":"ListItem","position":1,"name":"Home","item":"https:\/\/connaxis.hosting\/es\/"},{"@type":"ListItem","position":2,"name":"Office 365"}]},{"@type":"WebSite","@id":"https:\/\/connaxis.hosting\/#website","url":"https:\/\/connaxis.hosting\/","name":"Connaxis Hosting","description":"Your fast and reliable hosting partner","potentialAction":[{"@type":"SearchAction","target":{"@type":"EntryPoint","urlTemplate":"https:\/\/connaxis.hosting\/?s={search_term_string}"},"query-input":{"@type":"PropertyValueSpecification","valueRequired":true,"valueName":"search_term_string"}}],"inLanguage":"es"}]}},"_links":{"self":[{"href":"https:\/\/connaxis.hosting\/es\/wp-json\/wp\/v2\/pages\/943","targetHints":{"allow":["GET"]}}],"collection":[{"href":"https:\/\/connaxis.hosting\/es\/wp-json\/wp\/v2\/pages"}],"about":[{"href":"https:\/\/connaxis.hosting\/es\/wp-json\/wp\/v2\/types\/page"}],"author":[{"embeddable":true,"href":"https:\/\/connaxis.hosting\/es\/wp-json\/wp\/v2\/users\/1"}],"replies":[{"embeddable":true,"href":"https:\/\/connaxis.hosting\/es\/wp-json\/wp\/v2\/comments?post=943"}],"version-history":[{"count":1,"href":"https:\/\/connaxis.hosting\/es\/wp-json\/wp\/v2\/pages\/943\/revisions"}],"predecessor-version":[{"id":944,"href":"https:\/\/connaxis.hosting\/es\/wp-json\/wp\/v2\/pages\/943\/revisions\/944"}],"wp:attachment":[{"href":"https:\/\/connaxis.hosting\/es\/wp-json\/wp\/v2\/media?parent=943"}],"curies":[{"name":"wp","href":"https:\/\/api.w.org\/{rel}","templated":true}]}}