{"id":945,"date":"2019-05-20T14:53:59","date_gmt":"2019-05-20T12:53:59","guid":{"rendered":"https:\/\/connaxis.hosting\/?page_id=945"},"modified":"2025-12-04T17:36:20","modified_gmt":"2025-12-04T16:36:20","slug":"wordpress-hosting","status":"publish","type":"page","link":"https:\/\/connaxis.hosting\/es\/wordpress-hosting\/","title":{"rendered":"WordPress Hosting"},"content":{"rendered":"\t<section class=\"section\" id=\"section_264242245\">\n\t\t<div class=\"bg section-bg fill bg-fill bg-loaded \" >\n\n\t\t\t\n\t\t\t\n\t\t\t\n\n\t\t<\/div>\n\n\t\t<div class=\"section-content relative\">\n\t\t\t\n\t<div id=\"gap-1141286450\" class=\"gap-element clearfix\" style=\"display:block; height:auto;\">\n\t\t\n<style>\n#gap-1141286450 {\n  padding-top: 80px;\n}\n<\/style>\n\t<\/div>\n\t\n<div class=\"row\"  id=\"row-558101300\">\n\n\t<div id=\"col-1372221829\" class=\"col medium-6 small-12 large-6\"  >\n\t\t<div class=\"col-inner\"  >\n\t\t\t\n\t\t\t\n<h1 class=\"subtitle\">WordPress Hosting<\/h1>\n<h2 class=\"page-title\">WordPress s\u00faper R\u00e1pido y Seguro<\/h2>\n<p>Desde \u20ac11,4 al mes, incluido Varnish<\/p>\n<a rel=\"noopener noreferrer\" href=\"#packages\" target=\"_blank\" class=\"button primary\"  >\n    <span>Elige tu paquete<\/span>\n  <\/a>\n\n\t\t<\/div>\n\t\t\t<\/div>\n\n\t\n<\/div>\n\t\t<\/div>\n\n\t\t\n<style>\n#section_264242245 {\n  padding-top: 60px;\n  padding-bottom: 60px;\n  background-color: rgb(241, 242, 247);\n}\n#section_264242245 .section-bg.bg-loaded {\n  background-image: url(https:\/\/connaxis.hosting\/wp-content\/uploads\/2019\/03\/connaxis-hosting-fluid-shape-3.png);\n}\n#section_264242245 .section-bg {\n  background-position: 28% 50%;\n}\n<\/style>\n\t<\/section>\n\t\n\t<section class=\"section\" id=\"section_540554205\">\n\t\t<div class=\"bg section-bg fill bg-fill bg-loaded bg-loaded\" >\n\n\t\t\t\n\t\t\t\n\t\t\t\n\n\t\t<\/div>\n\n\t\t<div class=\"section-content relative\">\n\t\t\t\n<div class=\"row align-center\"  id=\"row-1120101849\">\n\n\t<div id=\"col-1415209854\" class=\"col medium-7 small-12 large-7\"  >\n\t\t<div class=\"col-inner text-center\"  >\n\t\t\t\n\t\t\t\n<h2>No m\u00e1s estr\u00e9s de WordPress<\/h2>\n<p>WordPress es uno de los sistemas de administraci\u00f3n de contenido m\u00e1s populares en Internet. Es f\u00e1cil de usar y hay muchos profesionales de marketing, programadores y dise\u00f1adores que saben c\u00f3mo funciona. Pero tambi\u00e9n se sabe que WordPress puede ser bastante lento. Si est\u00e1 utilizando el tema Flatsome, consulte nuestro alojamiento optimizado <a href=\"https:\/\/connaxis.hosting\/es\/fast-flatsome-hosting\/\">especial de Flatsome<\/a>.<\/p>\n\t<div id=\"gap-130782700\" class=\"gap-element clearfix\" style=\"display:block; height:auto;\">\n\t\t\n<style>\n#gap-130782700 {\n  padding-top: 30px;\n}\n<\/style>\n\t<\/div>\n\t\n\t\t<\/div>\n\t\t\t<\/div>\n\n\t\n<\/div>\n<div class=\"row align-center\"  id=\"row-1400228093\">\n\n\t<div id=\"col-978972060\" class=\"col medium-10 small-12 large-10\"  >\n\t\t<div class=\"col-inner\"  >\n\t\t\t\n\t\t\t\n\n  <div class=\"banner has-hover\" id=\"banner-785882064\">\n          <div class=\"banner-inner fill\">\n        <div class=\"banner-bg fill\" >\n            <div class=\"bg fill bg-fill bg-loaded\"><\/div>\n                                    \n                    <\/div>\n        <div class=\"banner-layers container\">\n            <div class=\"fill banner-link\"><\/div>            \n   <div id=\"text-box-103812663\" class=\"text-box banner-layer x50 md-x50 lg-x50 y50 md-y50 lg-y50 res-text\">\n                                <div class=\"text dark\">\n              \n              <div class=\"text-inner text-center\">\n                  \n              <\/div>\n           <\/div>\n                            \n<style>\n#text-box-103812663 {\n  width: 60%;\n}\n#text-box-103812663 .text {\n  font-size: 100%;\n}\n@media (min-width:550px) {\n  #text-box-103812663 {\n    width: 60%;\n  }\n}\n<\/style>\n    <\/div>\n \n        <\/div>\n      <\/div>\n\n            \n<style>\n#banner-785882064 {\n  padding-top: 56.25%;\n  background-color: rgb(255,255,255);\n}\n#banner-785882064 .bg.bg-loaded {\n  background-image: url(https:\/\/connaxis.hosting\/wp-content\/uploads\/2019\/04\/wordpress-hosting-connaxis-hosting.jpg);\n}\n#banner-785882064 .bg {\n  background-position: 50% 52%;\n}\n<\/style>\n  <\/div>\n\n\n\t<div id=\"gap-556969502\" class=\"gap-element clearfix\" style=\"display:block; height:auto;\">\n\t\t\n<style>\n#gap-556969502 {\n  padding-top: 30px;\n}\n<\/style>\n\t<\/div>\n\t\n<p>Debido a todos esos complementos y c\u00f3digo adicional, un sitio puede ser bastante lento. Y si la carga de la primera p\u00e1gina tarda m\u00e1s de 4 segundos, entonces ya ha perdido el 33% de sus visitantes. Tenemos una soluci\u00f3n para eso y se llama cach\u00e9 de barniz. En nuestros servidores de cach\u00e9 de WordPress Varnish optimizados, podemos mejorar considerablemente los tiempos de carga de los sitios. Otra desventaja es que los sitios de WordPress pueden ser pirateados con bastante facilidad. Con frecuencia, esto se debe a que las actualizaciones del complemento no se rastrean, o por ciertas configuraciones est\u00e1ndar de WordPress. Tambi\u00e9n hacemos algo al respecto. El Plan de Prevenci\u00f3n de Hack est\u00e1 incluido con nuestro hosting de WordPress. Proporcionamos seguridad adicional en el sitio y mantenemos las actualizaciones del complemento para usted. De esta manera su sitio se mantiene r\u00e1pido y seguro.<\/p>\n\t\t<\/div>\n\t\t\n<style>\n#col-978972060 > .col-inner {\n  margin: 0px 0px -60px 0px;\n}\n<\/style>\n\t<\/div>\n\n\t\n<\/div>\n\t\t<\/div>\n\n\t\t\n<style>\n#section_540554205 {\n  padding-top: 80px;\n  padding-bottom: 80px;\n}\n<\/style>\n\t<\/section>\n\t\n\t<section class=\"section\" id=\"section_401066639\">\n\t\t<div class=\"bg section-bg fill bg-fill bg-loaded bg-loaded\" >\n\n\t\t\t\n\t\t\t\n\t\t\t\n\n\t\t<\/div>\n\n\t\t<div class=\"section-content relative\">\n\t\t\t\n<div class=\"row\"  id=\"row-63575177\">\n\n\t<div id=\"col-2031218234\" class=\"col small-12 large-12\"  >\n\t\t<div class=\"col-inner text-center\"  >\n\t\t\t\n\t\t\t\n<h3>WordPress Hosting ventajas<\/h3>\n\t\t<\/div>\n\t\t\t<\/div>\n\n\t\n<\/div>\n<div class=\"row text-callout-frame-border\"  id=\"row-1922864959\">\n\n\t<div id=\"col-290008731\" class=\"col small-12 large-12\"  >\n\t\t<div class=\"col-inner\"  >\n\t\t\t\n\t\t\t\n<div class=\"row align-center\"  id=\"row-1532919749\">\n\n\t<div id=\"col-776728447\" class=\"col medium-10 small-10 large-10\"  >\n\t\t<div class=\"col-inner text-center\"  >\n\t\t\t\n\t\t\t\n\t<div id=\"gap-257360223\" class=\"gap-element clearfix\" style=\"display:block; height:auto;\">\n\t\t\n<style>\n#gap-257360223 {\n  padding-top: 5px;\n}\n<\/style>\n\t<\/div>\n\t\n<div class=\"row\"  id=\"row-284196649\">\n\n\t<div id=\"col-196118906\" class=\"col medium-6 small-12 large-6\"  >\n\t\t<div class=\"col-inner text-left\"  >\n\t\t\t\n\t\t\t\n<ul>\n<li>Actualizaciones monitoreadas<\/li>\n<li>Optimizaci\u00f3n de la velocidad<\/li>\n<li>Equilibrio de carga de WordPress<\/li>\n<\/ul>\n\t\t<\/div>\n\t\t\t<\/div>\n\n\t\n\n\t<div id=\"col-311583484\" class=\"col medium-6 small-12 large-6\"  >\n\t\t<div class=\"col-inner text-left\"  >\n\t\t\t\n\t\t\t\n<ul>\n<li>Migraci\u00f3n gratuita a nosotros<\/li>\n<li>Cach\u00e9 de barniz<\/li>\n<li>Plan de prevenci\u00f3n de hacking<\/li>\n<\/ul>\n\t\t<\/div>\n\t\t\t<\/div>\n\n\t\n<\/div>\n\t\t<\/div>\n\t\t\n<style>\n#col-776728447 > .col-inner {\n  padding: 40px 0px 10px 0px;\n  margin: 0px 0px -20px 0px;\n}\n<\/style>\n\t<\/div>\n\n\t\n<\/div>\n\t\t<\/div>\n\t\t\n<style>\n#col-290008731 > .col-inner {\n  margin: 0px 0px -50px 0px;\n}\n<\/style>\n\t<\/div>\n\n\t\n<\/div>\n\t\t<\/div>\n\n\t\t\n<style>\n#section_401066639 {\n  padding-top: 0px;\n  padding-bottom: 0px;\n}\n<\/style>\n\t<\/section>\n\t\n<span class=\"scroll-to\" data-label=\"Scroll to: #packages\" data-bullet=\"false\" data-link=\"#packages\" data-title=\"packages\"><a name=\"packages\"><\/a><\/span>\n\t<section class=\"section section-pricing\" id=\"section_653493227\">\n\t\t<div class=\"bg section-bg fill bg-fill bg-loaded bg-loaded\" >\n\n\t\t\t\n\t\t\t\n\t\t\t\n\n\t\t<\/div>\n\n\t\t<div class=\"section-content relative\">\n\t\t\t\n<div class=\"row row-large\"  id=\"row-319701791\">\n\n\t<div id=\"col-682168401\" class=\"col medium-6 small-6 large-3\"  >\n\t\t<div class=\"col-inner\"  >\n\t\t\t\n\t\t\t\n<h4>Plan 1<\/h4>\n<h2>\u20ac11,4<\/h2>\n<p class=\"pricing-details\">Mensual excluyendo 21% de IVA<\/p>\n<ul>\n<li>10GB Espacio en disco<\/li>\n<li>100GB Tr\u00e1fico de datos<\/li>\n<li>10 Direcciones de correo electronico<\/li>\n<li>&lt; 1000 visitas por d\u00eda<\/li>\n<li>Actualizaciones mensuales de plugins<\/li>\n<li>Monitoreo compartido<\/li>\n<\/ul>\n<p class=\"pricing-extra\">Incluye: cach\u00e9 de Varnish, SSL gratuito, soporte 24 horas, copias de seguridad diarias, seguridad de fuerza bruta.<\/p>\n<a href=\"#cta-popup\" target=\"_self\" class=\"button primary is-link\"  >\n    <span>Contacto<\/span>\n  <i class=\"icon-angle-right\" ><\/i><\/a>\n\n\t\t<\/div>\n\t\t\t<\/div>\n\n\t\n\n\t<div id=\"col-1062876362\" class=\"col medium-6 small-6 large-3\"  >\n\t\t<div class=\"col-inner\"  >\n\t\t\t\n\t\t\t\n<h4>Plan 2<\/h4>\n<h2>\u20ac22,8<\/h2>\n<p class=\"pricing-details\">Mensual excluyendo 21% de IVA<\/p>\n<ul>\n<li>20GB Espacio en disco<\/li>\n<li>500GB Tr\u00e1fico de datos<\/li>\n<li>20 Direcciones de correo electronico<\/li>\n<li>&lt; 2000 visitas por d\u00eda<\/li>\n<li>Actualizaciones semanales de plugins<\/li>\n<li>Monitoreo compartido<\/li>\n<\/ul>\n<p class=\"pricing-extra\">Incluye: cach\u00e9 de Varnish, SSL gratuito, soporte 24 horas, copias de seguridad diarias, seguridad de fuerza bruta.<\/p>\n<a href=\"#cta-popup\" target=\"_self\" class=\"button primary is-link\"  >\n    <span>Contacto<\/span>\n  <i class=\"icon-angle-right\" ><\/i><\/a>\n\n\t\t<\/div>\n\t\t\t<\/div>\n\n\t\n\n\t<div id=\"col-405853950\" class=\"col medium-6 small-6 large-3\"  >\n\t\t<div class=\"col-inner\"  >\n\t\t\t\n\t\t\t\n<h4>Plan 3<\/h4>\n<h2>\u20ac34,2<\/h2>\n<p class=\"pricing-details\">Mensual excluyendo 21% de IVA<\/p>\n<ul>\n<li>30GB Espacio en disco<\/li>\n<li>1TB Tr\u00e1fico de datos<\/li>\n<li>30 Direcciones de correo electronico<\/li>\n<li>&lt; 3000 visitas por d\u00eda<\/li>\n<li>Actualizaciones semanales de plugins<\/li>\n<li>Monitoreo compartido<\/li>\n<\/ul>\n<p class=\"pricing-extra\">Incluye: cach\u00e9 de Varnish, SSL gratuito, soporte 24 horas, copias de seguridad diarias, seguridad de fuerza bruta.<\/p>\n<a href=\"#cta-popup\" target=\"_self\" class=\"button primary is-link\"  >\n    <span>Contacto<\/span>\n  <i class=\"icon-angle-right\" ><\/i><\/a>\n\n\t\t<\/div>\n\t\t\t<\/div>\n\n\t\n\n\t<div id=\"col-1911558479\" class=\"col medium-6 small-6 large-3\"  >\n\t\t<div class=\"col-inner\"  >\n\t\t\t\n\t\t\t\n<h4>Plan 4<\/h4>\n<h2>\u20ac113,85<\/h2>\n<p class=\"pricing-details\">Mensual excluyendo 21% de IVA<\/p>\n<ul>\n<li>Unlimited Espacio en disco<\/li>\n<li>Unlimited Tr\u00e1fico de datos<\/li>\n<li>Unlimited Direcciones de correo electronico<\/li>\n<li>from 3000 visitas por d\u00eda<\/li>\n<li>Actualizaciones diarias de plugins<\/li>\n<li>Monitoreo dedicado<\/li>\n<\/ul>\n<p class=\"pricing-extra\">Incluye: cach\u00e9 de Varnish, SSL gratuito, soporte 24 horas, copias de seguridad diarias, seguridad de fuerza bruta.<\/p>\n<a href=\"#cta-popup\" target=\"_self\" class=\"button primary is-link\"  >\n    <span>Contacto<\/span>\n  <i class=\"icon-angle-right\" ><\/i><\/a>\n\n\t\t<\/div>\n\t\t\t<\/div>\n\n\t\n<\/div>\n\t\t<\/div>\n\n\t\t\n<style>\n#section_653493227 {\n  padding-top: 80px;\n  padding-bottom: 80px;\n}\n<\/style>\n\t<\/section>\n\t\n\t<section class=\"section\" id=\"section_1736823995\">\n\t\t<div class=\"bg section-bg fill bg-fill bg-loaded bg-loaded\" >\n\n\t\t\t\n\t\t\t\n\t\t\t\n\n\t\t<\/div>\n\n\t\t<div class=\"section-content relative\">\n\t\t\t\n<div class=\"row\"  id=\"row-719501527\">\n\n\t<div id=\"col-1997618196\" class=\"col small-12 large-12\"  >\n\t\t<div class=\"col-inner text-center\"  >\n\t\t\t\n\t\t\t\n  <div class=\"icon-box testimonial-box icon-box-center text-center\">\n                <div class=\"icon-box-img testimonial-image circle\" style=\"width: 120px\">\n              <img loading=\"lazy\" decoding=\"async\" width=\"500\" height=\"500\" src=\"https:\/\/connaxis.hosting\/wp-content\/uploads\/2019\/03\/wordpress-hosting-cta-connaxis-hosting.jpg\" class=\"attachment-thumbnail size-thumbnail\" alt=\"\" \/>        <\/div>\n                <div class=\"icon-box-text p-last-0\">\n            \t\t\t\t<div class=\"testimonial-text line-height-small italic test_text first-reset last-reset is-italic\">\n            \n\t<div id=\"gap-2123333496\" class=\"gap-element clearfix\" style=\"display:block; height:auto;\">\n\t\t\n<style>\n#gap-2123333496 {\n  padding-top: 0px;\n}\n<\/style>\n\t<\/div>\n\t\n          <\/div>\n          <div class=\"testimonial-meta pt-half\">\n             <strong class=\"testimonial-name test_name\"><\/strong>\n                          <span class=\"testimonial-company test_company\"><\/span>\n          <\/div>\n        <\/div>\n  <\/div>\n\n  \n<h5>Protegemos tu sitio de WordPress<\/h5>\n<h2>Mantenlo seguro, r\u00e1pido y en l\u00ednea<\/h2>\n<a href=\"#cta-popup\" target=\"_self\" class=\"button primary\"  >\n    <span>Contacto<\/span>\n  <i class=\"icon-angle-right\" ><\/i><\/a>\n\n\t\t<\/div>\n\t\t\n<style>\n#col-1997618196 > .col-inner {\n  margin: -80px 0px 0px 0px;\n}\n<\/style>\n\t<\/div>\n\n\t\n<\/div>\n\t<div id=\"gap-614053737\" class=\"gap-element clearfix\" style=\"display:block; height:auto;\">\n\t\t\n<style>\n#gap-614053737 {\n  padding-top: 30px;\n}\n<\/style>\n\t<\/div>\n\t\n\t\t<\/div>\n\n\t\t\n<style>\n#section_1736823995 {\n  padding-top: 30px;\n  padding-bottom: 30px;\n  background-color: rgb(241, 242, 247);\n}\n<\/style>\n\t<\/section>\n\t\n<h4><\/h4>\n","protected":false},"excerpt":{"rendered":"","protected":false},"author":1,"featured_media":0,"parent":0,"menu_order":0,"comment_status":"closed","ping_status":"closed","template":"page-blank.php","meta":{"footnotes":""},"class_list":["post-945","page","type-page","status-publish","hentry"],"yoast_head":"<!-- This site is optimized with the Yoast SEO plugin v27.4 - https:\/\/yoast.com\/product\/yoast-seo-wordpress\/ -->\n<title>WordPress Hosting - Connaxis Hosting<\/title>\n<meta name=\"robots\" content=\"index, follow, max-snippet:-1, max-image-preview:large, max-video-preview:-1\" \/>\n<link rel=\"canonical\" href=\"https:\/\/connaxis.hosting\/es\/wordpress-hosting\/\" \/>\n<meta property=\"og:locale\" content=\"es_ES\" \/>\n<meta property=\"og:type\" content=\"article\" \/>\n<meta property=\"og:title\" content=\"WordPress Hosting - Connaxis Hosting\" \/>\n<meta property=\"og:url\" content=\"https:\/\/connaxis.hosting\/es\/wordpress-hosting\/\" \/>\n<meta property=\"og:site_name\" content=\"Connaxis Hosting\" \/>\n<meta property=\"article:modified_time\" content=\"2025-12-04T16:36:20+00:00\" \/>\n<meta name=\"twitter:card\" content=\"summary_large_image\" \/>\n<meta name=\"twitter:label1\" content=\"Tiempo de lectura\" \/>\n\t<meta name=\"twitter:data1\" content=\"3 minutos\" \/>\n<script type=\"application\/ld+json\" class=\"yoast-schema-graph\">{\"@context\":\"https:\\\/\\\/schema.org\",\"@graph\":[{\"@type\":\"WebPage\",\"@id\":\"https:\\\/\\\/connaxis.hosting\\\/es\\\/wordpress-hosting\\\/\",\"url\":\"https:\\\/\\\/connaxis.hosting\\\/es\\\/wordpress-hosting\\\/\",\"name\":\"WordPress Hosting - Connaxis Hosting\",\"isPartOf\":{\"@id\":\"https:\\\/\\\/connaxis.hosting\\\/#website\"},\"datePublished\":\"2019-05-20T12:53:59+00:00\",\"dateModified\":\"2025-12-04T16:36:20+00:00\",\"breadcrumb\":{\"@id\":\"https:\\\/\\\/connaxis.hosting\\\/es\\\/wordpress-hosting\\\/#breadcrumb\"},\"inLanguage\":\"es\",\"potentialAction\":[{\"@type\":\"ReadAction\",\"target\":[\"https:\\\/\\\/connaxis.hosting\\\/es\\\/wordpress-hosting\\\/\"]}]},{\"@type\":\"BreadcrumbList\",\"@id\":\"https:\\\/\\\/connaxis.hosting\\\/es\\\/wordpress-hosting\\\/#breadcrumb\",\"itemListElement\":[{\"@type\":\"ListItem\",\"position\":1,\"name\":\"Home\",\"item\":\"https:\\\/\\\/connaxis.hosting\\\/es\\\/\"},{\"@type\":\"ListItem\",\"position\":2,\"name\":\"WordPress Hosting\"}]},{\"@type\":\"WebSite\",\"@id\":\"https:\\\/\\\/connaxis.hosting\\\/#website\",\"url\":\"https:\\\/\\\/connaxis.hosting\\\/\",\"name\":\"Connaxis Hosting\",\"description\":\"Your fast and reliable hosting partner\",\"potentialAction\":[{\"@type\":\"SearchAction\",\"target\":{\"@type\":\"EntryPoint\",\"urlTemplate\":\"https:\\\/\\\/connaxis.hosting\\\/?s={search_term_string}\"},\"query-input\":{\"@type\":\"PropertyValueSpecification\",\"valueRequired\":true,\"valueName\":\"search_term_string\"}}],\"inLanguage\":\"es\"}]}<\/script>\n<!-- \/ Yoast SEO plugin. -->","yoast_head_json":{"title":"WordPress Hosting - Connaxis Hosting","robots":{"index":"index","follow":"follow","max-snippet":"max-snippet:-1","max-image-preview":"max-image-preview:large","max-video-preview":"max-video-preview:-1"},"canonical":"https:\/\/connaxis.hosting\/es\/wordpress-hosting\/","og_locale":"es_ES","og_type":"article","og_title":"WordPress Hosting - Connaxis Hosting","og_url":"https:\/\/connaxis.hosting\/es\/wordpress-hosting\/","og_site_name":"Connaxis Hosting","article_modified_time":"2025-12-04T16:36:20+00:00","twitter_card":"summary_large_image","twitter_misc":{"Tiempo de lectura":"3 minutos"},"schema":{"@context":"https:\/\/schema.org","@graph":[{"@type":"WebPage","@id":"https:\/\/connaxis.hosting\/es\/wordpress-hosting\/","url":"https:\/\/connaxis.hosting\/es\/wordpress-hosting\/","name":"WordPress Hosting - Connaxis Hosting","isPartOf":{"@id":"https:\/\/connaxis.hosting\/#website"},"datePublished":"2019-05-20T12:53:59+00:00","dateModified":"2025-12-04T16:36:20+00:00","breadcrumb":{"@id":"https:\/\/connaxis.hosting\/es\/wordpress-hosting\/#breadcrumb"},"inLanguage":"es","potentialAction":[{"@type":"ReadAction","target":["https:\/\/connaxis.hosting\/es\/wordpress-hosting\/"]}]},{"@type":"BreadcrumbList","@id":"https:\/\/connaxis.hosting\/es\/wordpress-hosting\/#breadcrumb","itemListElement":[{"@type":"ListItem","position":1,"name":"Home","item":"https:\/\/connaxis.hosting\/es\/"},{"@type":"ListItem","position":2,"name":"WordPress Hosting"}]},{"@type":"WebSite","@id":"https:\/\/connaxis.hosting\/#website","url":"https:\/\/connaxis.hosting\/","name":"Connaxis Hosting","description":"Your fast and reliable hosting partner","potentialAction":[{"@type":"SearchAction","target":{"@type":"EntryPoint","urlTemplate":"https:\/\/connaxis.hosting\/?s={search_term_string}"},"query-input":{"@type":"PropertyValueSpecification","valueRequired":true,"valueName":"search_term_string"}}],"inLanguage":"es"}]}},"_links":{"self":[{"href":"https:\/\/connaxis.hosting\/es\/wp-json\/wp\/v2\/pages\/945","targetHints":{"allow":["GET"]}}],"collection":[{"href":"https:\/\/connaxis.hosting\/es\/wp-json\/wp\/v2\/pages"}],"about":[{"href":"https:\/\/connaxis.hosting\/es\/wp-json\/wp\/v2\/types\/page"}],"author":[{"embeddable":true,"href":"https:\/\/connaxis.hosting\/es\/wp-json\/wp\/v2\/users\/1"}],"replies":[{"embeddable":true,"href":"https:\/\/connaxis.hosting\/es\/wp-json\/wp\/v2\/comments?post=945"}],"version-history":[{"count":9,"href":"https:\/\/connaxis.hosting\/es\/wp-json\/wp\/v2\/pages\/945\/revisions"}],"predecessor-version":[{"id":1543,"href":"https:\/\/connaxis.hosting\/es\/wp-json\/wp\/v2\/pages\/945\/revisions\/1543"}],"wp:attachment":[{"href":"https:\/\/connaxis.hosting\/es\/wp-json\/wp\/v2\/media?parent=945"}],"curies":[{"name":"wp","href":"https:\/\/api.w.org\/{rel}","templated":true}]}}